{"id":3968,"date":"2024-06-27T23:29:41","date_gmt":"2024-06-27T21:29:41","guid":{"rendered":"https:\/\/wwfabrics.eu\/?page_id=3968"},"modified":"2024-06-28T08:06:54","modified_gmt":"2024-06-28T06:06:54","slug":"kieszenie-filtracyjne-pojedyncze-g4","status":"publish","type":"page","link":"https:\/\/wwfabrics.eu\/pl_pl\/kieszenie-filtracyjne-pojedyncze-g4\/","title":{"rendered":"Kieszenie filtracyjne pojedyncze G4"},"content":{"rendered":"\t\t<div data-elementor-type=\"wp-page\" data-elementor-id=\"3968\" class=\"elementor elementor-3968\">\n\t\t\t\t\t\t<section class=\"elementor-section elementor-top-section elementor-element elementor-element-898ce78 elementor-section-boxed elementor-section-height-default elementor-section-height-default\" data-id=\"898ce78\" data-element_type=\"section\" data-settings=\"{&quot;jet_parallax_layout_list&quot;:[]}\">\n\t\t\t\t\t\t<div class=\"elementor-container elementor-column-gap-default\">\n\t\t\t\t\t<div class=\"elementor-column elementor-col-50 elementor-top-column elementor-element elementor-element-3cae318\" data-id=\"3cae318\" data-element_type=\"column\">\n\t\t\t<div class=\"elementor-widget-wrap elementor-element-populated\">\n\t\t\t\t\t\t<div class=\"elementor-element elementor-element-871b7f5 elementor-widget elementor-widget-heading\" data-id=\"871b7f5\" data-element_type=\"widget\" data-widget_type=\"heading.default\">\n\t\t\t\t<div class=\"elementor-widget-container\">\n\t\t\t<style>\/*! elementor - v3.21.0 - 25-04-2024 *\/\n.elementor-heading-title{padding:0;margin:0;line-height:1}.elementor-widget-heading .elementor-heading-title[class*=elementor-size-]>a{color:inherit;font-size:inherit;line-height:inherit}.elementor-widget-heading .elementor-heading-title.elementor-size-small{font-size:15px}.elementor-widget-heading .elementor-heading-title.elementor-size-medium{font-size:19px}.elementor-widget-heading .elementor-heading-title.elementor-size-large{font-size:29px}.elementor-widget-heading .elementor-heading-title.elementor-size-xl{font-size:39px}.elementor-widget-heading .elementor-heading-title.elementor-size-xxl{font-size:59px}<\/style><h3 class=\"elementor-heading-title elementor-size-default\">Kieszenie pojedyncze G4<\/h3>\t\t<\/div>\n\t\t\t\t<\/div>\n\t\t\t\t<div class=\"elementor-element elementor-element-8a2fc2c elementor-widget-divider--view-line elementor-widget elementor-widget-divider\" data-id=\"8a2fc2c\" data-element_type=\"widget\" data-widget_type=\"divider.default\">\n\t\t\t\t<div class=\"elementor-widget-container\">\n\t\t\t<style>\/*! elementor - v3.21.0 - 25-04-2024 *\/\n.elementor-widget-divider{--divider-border-style:none;--divider-border-width:1px;--divider-color:#0c0d0e;--divider-icon-size:20px;--divider-element-spacing:10px;--divider-pattern-height:24px;--divider-pattern-size:20px;--divider-pattern-url:none;--divider-pattern-repeat:repeat-x}.elementor-widget-divider .elementor-divider{display:flex}.elementor-widget-divider .elementor-divider__text{font-size:15px;line-height:1;max-width:95%}.elementor-widget-divider .elementor-divider__element{margin:0 var(--divider-element-spacing);flex-shrink:0}.elementor-widget-divider .elementor-icon{font-size:var(--divider-icon-size)}.elementor-widget-divider .elementor-divider-separator{display:flex;margin:0;direction:ltr}.elementor-widget-divider--view-line_icon .elementor-divider-separator,.elementor-widget-divider--view-line_text .elementor-divider-separator{align-items:center}.elementor-widget-divider--view-line_icon .elementor-divider-separator:after,.elementor-widget-divider--view-line_icon .elementor-divider-separator:before,.elementor-widget-divider--view-line_text .elementor-divider-separator:after,.elementor-widget-divider--view-line_text .elementor-divider-separator:before{display:block;content:\"\";border-block-end:0;flex-grow:1;border-block-start:var(--divider-border-width) var(--divider-border-style) var(--divider-color)}.elementor-widget-divider--element-align-left .elementor-divider .elementor-divider-separator>.elementor-divider__svg:first-of-type{flex-grow:0;flex-shrink:100}.elementor-widget-divider--element-align-left .elementor-divider-separator:before{content:none}.elementor-widget-divider--element-align-left .elementor-divider__element{margin-left:0}.elementor-widget-divider--element-align-right .elementor-divider .elementor-divider-separator>.elementor-divider__svg:last-of-type{flex-grow:0;flex-shrink:100}.elementor-widget-divider--element-align-right .elementor-divider-separator:after{content:none}.elementor-widget-divider--element-align-right .elementor-divider__element{margin-right:0}.elementor-widget-divider--element-align-start .elementor-divider .elementor-divider-separator>.elementor-divider__svg:first-of-type{flex-grow:0;flex-shrink:100}.elementor-widget-divider--element-align-start .elementor-divider-separator:before{content:none}.elementor-widget-divider--element-align-start .elementor-divider__element{margin-inline-start:0}.elementor-widget-divider--element-align-end .elementor-divider .elementor-divider-separator>.elementor-divider__svg:last-of-type{flex-grow:0;flex-shrink:100}.elementor-widget-divider--element-align-end .elementor-divider-separator:after{content:none}.elementor-widget-divider--element-align-end .elementor-divider__element{margin-inline-end:0}.elementor-widget-divider:not(.elementor-widget-divider--view-line_text):not(.elementor-widget-divider--view-line_icon) .elementor-divider-separator{border-block-start:var(--divider-border-width) var(--divider-border-style) var(--divider-color)}.elementor-widget-divider--separator-type-pattern{--divider-border-style:none}.elementor-widget-divider--separator-type-pattern.elementor-widget-divider--view-line .elementor-divider-separator,.elementor-widget-divider--separator-type-pattern:not(.elementor-widget-divider--view-line) .elementor-divider-separator:after,.elementor-widget-divider--separator-type-pattern:not(.elementor-widget-divider--view-line) .elementor-divider-separator:before,.elementor-widget-divider--separator-type-pattern:not([class*=elementor-widget-divider--view]) .elementor-divider-separator{width:100%;min-height:var(--divider-pattern-height);-webkit-mask-size:var(--divider-pattern-size) 100%;mask-size:var(--divider-pattern-size) 100%;-webkit-mask-repeat:var(--divider-pattern-repeat);mask-repeat:var(--divider-pattern-repeat);background-color:var(--divider-color);-webkit-mask-image:var(--divider-pattern-url);mask-image:var(--divider-pattern-url)}.elementor-widget-divider--no-spacing{--divider-pattern-size:auto}.elementor-widget-divider--bg-round{--divider-pattern-repeat:round}.rtl .elementor-widget-divider .elementor-divider__text{direction:rtl}.e-con-inner>.elementor-widget-divider,.e-con>.elementor-widget-divider{width:var(--container-widget-width,100%);--flex-grow:var(--container-widget-flex-grow)}<\/style>\t\t<div class=\"elementor-divider\">\n\t\t\t<span class=\"elementor-divider-separator\">\n\t\t\t\t\t\t<\/span>\n\t\t<\/div>\n\t\t\t\t<\/div>\n\t\t\t\t<\/div>\n\t\t\t\t<div class=\"elementor-element elementor-element-9da78de elementor-widget elementor-widget-text-editor\" data-id=\"9da78de\" data-element_type=\"widget\" data-widget_type=\"text-editor.default\">\n\t\t\t\t<div class=\"elementor-widget-container\">\n\t\t\t<style>\/*! elementor - v3.21.0 - 25-04-2024 *\/\n.elementor-widget-text-editor.elementor-drop-cap-view-stacked .elementor-drop-cap{background-color:#69727d;color:#fff}.elementor-widget-text-editor.elementor-drop-cap-view-framed .elementor-drop-cap{color:#69727d;border:3px solid;background-color:transparent}.elementor-widget-text-editor:not(.elementor-drop-cap-view-default) .elementor-drop-cap{margin-top:8px}.elementor-widget-text-editor:not(.elementor-drop-cap-view-default) .elementor-drop-cap-letter{width:1em;height:1em}.elementor-widget-text-editor .elementor-drop-cap{float:left;text-align:center;line-height:1;font-size:50px}.elementor-widget-text-editor .elementor-drop-cap-letter{display:inline-block}<\/style>\t\t\t\t<p><span style=\"color: #000000;\"><span style=\"font-family: Arial, serif;\"><b>Kieszenie filtracyjne pojedyncze<\/b> <b>G4<\/b> to kieszenie filtracyjne wykonane z mat filtruj\u0105cych, zgrzane ultrad\u017awi\u0119kowo i odci\u0119te na odpowiedni wymiar.<\/span><\/span><\/p><p><span style=\"color: #000000;\"><span style=\"font-family: Arial, serif;\">Linia produkcyjna WWFABRICS dokonuje poprzecznego zgrzewu ultra\u017awi\u0119kowego specjalnie przygotowanej wst\u0119gi dw\u00f3ch warstw maty filtruj\u0105cej. Kieszenie <strong>G4<\/strong> wyst\u0119puj\u0105 w postaci klasycznych kieszeni z dystansami &#8211; d\u0142ugo\u015bci powy\u017cej 400mm lub w postaci worka bez dystans\u00f3w (d\u0142ugo\u015bci poni\u017cej 400mm). <\/span><\/span><\/p><p><span style=\"color: #000000;\"><span style=\"font-family: Arial, serif;\">Kieszenie <strong>G4<\/strong> z dystansami wyst\u0119ouj\u0105 w dw\u00f3ch odmianach: <\/span><\/span><\/p><p><span style=\"color: #000000;\"><span style=\"font-family: Arial, serif;\">z dziewi\u0119cioma sekcjami (8 dystans\u00f3w) i z trzema sekcjami (2 dystanse).<br \/><\/span><\/span><\/p><p><span style=\"color: #000000;\"><span style=\"font-family: Arial, serif;\">WWFABRICS realizuje zam\u00f3wienia na wymiar \u017c\u0105dany przez Zamawiaj\u0105cego, stosuj\u0105c b\u0105d\u017a nie u\u017cywaj\u0105c dystans\u00f3w, zgodnie z potrzebami Klienta.<br \/><\/span><\/span><\/p>\t\t\t\t\t\t<\/div>\n\t\t\t\t<\/div>\n\t\t\t\t<div class=\"elementor-element elementor-element-725f310 elementor-widget elementor-widget-heading\" data-id=\"725f310\" data-element_type=\"widget\" data-widget_type=\"heading.default\">\n\t\t\t\t<div class=\"elementor-widget-container\">\n\t\t\t<h3 class=\"elementor-heading-title elementor-size-default\">Rynek<\/h3>\t\t<\/div>\n\t\t\t\t<\/div>\n\t\t\t\t<div class=\"elementor-element elementor-element-f26446e elementor-widget-divider--view-line elementor-widget elementor-widget-divider\" data-id=\"f26446e\" data-element_type=\"widget\" data-widget_type=\"divider.default\">\n\t\t\t\t<div class=\"elementor-widget-container\">\n\t\t\t\t\t<div class=\"elementor-divider\">\n\t\t\t<span class=\"elementor-divider-separator\">\n\t\t\t\t\t\t<\/span>\n\t\t<\/div>\n\t\t\t\t<\/div>\n\t\t\t\t<\/div>\n\t\t\t\t<div class=\"elementor-element elementor-element-287b6e6 elementor-widget elementor-widget-text-editor\" data-id=\"287b6e6\" data-element_type=\"widget\" data-widget_type=\"text-editor.default\">\n\t\t\t\t<div class=\"elementor-widget-container\">\n\t\t\t\t\t\t\t<div class=\"group w-full text-gray-800 dark:text-gray-100 border-b border-black\/10 dark:border-gray-900\/50 dark:bg-gray-800\"><div class=\"text-base gap-4 md:gap-6 md:max-w-2xl lg:max-w-2xl xl:max-w-3xl p-4 md:py-6 flex lg:px-0 m-auto\"><div class=\"relative flex w-[calc(100%-50px)] flex-col gap-1 md:gap-3 lg:w-[calc(100%-115px)]\"><div class=\"flex flex-grow flex-col gap-3\"><div class=\"min-h-[20px] flex flex-col items-start gap-4 whitespace-pre-wrap\"><p>Kieszenie filtracyjne pojedyncze <strong>G4<\/strong> umo\u017cliwiaj\u0105 producentom filtr\u00f3w klimatyzacyjnych skupienie si\u0119 na samej produkcji gotowych filtr\u00f3w pomijaj\u0105c czasoch\u0142onny i kosztowny proces przygotowania kieszeni (ci\u0119cie, szwalnia). WWFABRICS oferuje kieszenie <strong>G4<\/strong> z dystansami\u00a0 d\u0142ugo\u015bci powy\u017cej 400mm &#8211; lub bez dystans\u00f3w &#8211; d\u0142ugo\u015bci poni\u017cej 400mm.<\/p><\/div><\/div><\/div><\/div><\/div>\t\t\t\t\t\t<\/div>\n\t\t\t\t<\/div>\n\t\t\t\t<div class=\"elementor-element elementor-element-2386a39 elementor-widget elementor-widget-heading\" data-id=\"2386a39\" data-element_type=\"widget\" data-widget_type=\"heading.default\">\n\t\t\t\t<div class=\"elementor-widget-container\">\n\t\t\t<h3 class=\"elementor-heading-title elementor-size-default\">Nasze \"kieszenie\"<\/h3>\t\t<\/div>\n\t\t\t\t<\/div>\n\t\t\t\t<div class=\"elementor-element elementor-element-5f70c1d elementor-widget-divider--view-line elementor-widget elementor-widget-divider\" data-id=\"5f70c1d\" data-element_type=\"widget\" data-widget_type=\"divider.default\">\n\t\t\t\t<div class=\"elementor-widget-container\">\n\t\t\t\t\t<div class=\"elementor-divider\">\n\t\t\t<span class=\"elementor-divider-separator\">\n\t\t\t\t\t\t<\/span>\n\t\t<\/div>\n\t\t\t\t<\/div>\n\t\t\t\t<\/div>\n\t\t\t\t<div class=\"elementor-element elementor-element-2c95321 elementor-widget elementor-widget-text-editor\" data-id=\"2c95321\" data-element_type=\"widget\" data-widget_type=\"text-editor.default\">\n\t\t\t\t<div class=\"elementor-widget-container\">\n\t\t\t\t\t\t\t<div class=\"group w-full text-gray-800 dark:text-gray-100 border-b border-black\/10 dark:border-gray-900\/50 dark:bg-gray-800\"><div class=\"text-base gap-4 md:gap-6 md:max-w-2xl lg:max-w-2xl xl:max-w-3xl p-4 md:py-6 flex lg:px-0 m-auto\"><div class=\"relative flex w-[calc(100%-50px)] flex-col gap-1 md:gap-3 lg:w-[calc(100%-115px)]\"><div class=\"flex flex-grow flex-col gap-3\"><div class=\"min-h-[20px] flex flex-col items-start gap-4 whitespace-pre-wrap\">Je\u015bli potrzebujesz wysokiej jako\u015bci gotowe kieszenie filtracyjne do filtr\u00f3w klimatyzacyjnech klasy <strong>G4<\/strong> zapraszamy do skorzystania z naszej oferty. Oferujemy szeroki wyb\u00f3r kieszeni pojedynczych o szeroko\u015bci od 350mm do\u00a0 690mm do filtr\u00f3w klasy G4.<\/div><div class=\"min-h-[20px] flex flex-col items-start gap-4 whitespace-pre-wrap\">Nasze produkty s\u0105 wykonane z najwy\u017cszej jako\u015bci materia\u0142\u00f3w, co gwarantuje ich skuteczno\u015b\u0107 i wytrzyma\u0142o\u015b\u0107. Zapewniamy konkurencyjne ceny i szybk\u0105 dostaw\u0119.<\/div><\/div><\/div><\/div><\/div>\t\t\t\t\t\t<\/div>\n\t\t\t\t<\/div>\n\t\t\t\t\t<\/div>\n\t\t<\/div>\n\t\t\t\t<div class=\"elementor-column elementor-col-50 elementor-top-column elementor-element elementor-element-fb5d355 elementor-hidden-tablet elementor-hidden-mobile\" data-id=\"fb5d355\" data-element_type=\"column\">\n\t\t\t<div class=\"elementor-widget-wrap elementor-element-populated\">\n\t\t\t\t\t\t<div class=\"elementor-element elementor-element-12a6675 elementor-widget elementor-widget-image\" data-id=\"12a6675\" data-element_type=\"widget\" data-settings=\"{&quot;sticky&quot;:&quot;top&quot;,&quot;sticky_offset&quot;:80,&quot;sticky_parent&quot;:&quot;yes&quot;,&quot;sticky_on&quot;:[&quot;desktop&quot;,&quot;tablet&quot;,&quot;mobile&quot;],&quot;sticky_effects_offset&quot;:0}\" data-widget_type=\"image.default\">\n\t\t\t\t<div class=\"elementor-widget-container\">\n\t\t\t<style>\/*! elementor - v3.21.0 - 25-04-2024 *\/\n.elementor-widget-image{text-align:center}.elementor-widget-image a{display:inline-block}.elementor-widget-image a img[src$=\".svg\"]{width:48px}.elementor-widget-image img{vertical-align:middle;display:inline-block}<\/style>\t\t\t\t\t\t\t\t\t\t<img fetchpriority=\"high\" decoding=\"async\" width=\"1024\" height=\"1024\" src=\"https:\/\/wwfabrics.eu\/wp-content\/uploads\/filtering-material-g4-sandler-5-mm-1024x1024.jpg\" class=\"attachment-large size-large wp-image-3982\" alt=\"\" srcset=\"https:\/\/wwfabrics.eu\/wp-content\/uploads\/filtering-material-g4-sandler-5-mm-1024x1024.jpg 1024w, https:\/\/wwfabrics.eu\/wp-content\/uploads\/filtering-material-g4-sandler-5-mm-300x300.jpg 300w, https:\/\/wwfabrics.eu\/wp-content\/uploads\/filtering-material-g4-sandler-5-mm-150x150.jpg 150w, https:\/\/wwfabrics.eu\/wp-content\/uploads\/filtering-material-g4-sandler-5-mm-768x768.jpg 768w, https:\/\/wwfabrics.eu\/wp-content\/uploads\/filtering-material-g4-sandler-5-mm-12x12.jpg 12w, https:\/\/wwfabrics.eu\/wp-content\/uploads\/filtering-material-g4-sandler-5-mm.jpg 1500w\" sizes=\"(max-width: 1024px) 100vw, 1024px\" \/>\t\t\t\t\t\t\t\t\t\t\t\t\t<\/div>\n\t\t\t\t<\/div>\n\t\t\t\t\t<\/div>\n\t\t<\/div>\n\t\t\t\t\t<\/div>\n\t\t<\/section>\n\t\t\t\t<section class=\"elementor-section elementor-top-section elementor-element elementor-element-65c58d4c elementor-section-boxed elementor-section-height-default elementor-section-height-default\" data-id=\"65c58d4c\" data-element_type=\"section\" data-settings=\"{&quot;background_background&quot;:&quot;classic&quot;,&quot;jet_parallax_layout_list&quot;:[]}\">\n\t\t\t\t\t\t<div class=\"elementor-container elementor-column-gap-no\">\n\t\t\t\t\t<div class=\"elementor-column elementor-col-100 elementor-top-column elementor-element elementor-element-24a39c38\" data-id=\"24a39c38\" data-element_type=\"column\">\n\t\t\t<div class=\"elementor-widget-wrap elementor-element-populated\">\n\t\t\t\t\t\t<div class=\"elementor-element elementor-element-3cc2cc17 elementor-widget elementor-widget-heading\" data-id=\"3cc2cc17\" data-element_type=\"widget\" data-widget_type=\"heading.default\">\n\t\t\t\t<div class=\"elementor-widget-container\">\n\t\t\t<h2 class=\"elementor-heading-title elementor-size-default\">Pozosta\u0142a specjalizacja<\/h2>\t\t<\/div>\n\t\t\t\t<\/div>\n\t\t\t\t<section class=\"elementor-section elementor-inner-section elementor-element elementor-element-444b4d72 elementor-section-boxed elementor-section-height-default elementor-section-height-default\" data-id=\"444b4d72\" data-element_type=\"section\" data-settings=\"{&quot;jet_parallax_layout_list&quot;:[]}\">\n\t\t\t\t\t\t<div class=\"elementor-container elementor-column-gap-no\">\n\t\t\t\t\t<div class=\"elementor-column elementor-col-50 elementor-inner-column elementor-element elementor-element-67fa084\" data-id=\"67fa084\" data-element_type=\"column\" data-settings=\"{&quot;background_background&quot;:&quot;classic&quot;}\">\n\t\t\t<div class=\"elementor-widget-wrap elementor-element-populated\">\n\t\t\t\t\t\t<div class=\"elementor-element elementor-element-7c2c7c3 elementor-widget elementor-widget-image\" data-id=\"7c2c7c3\" data-element_type=\"widget\" data-widget_type=\"image.default\">\n\t\t\t\t<div class=\"elementor-widget-container\">\n\t\t\t\t\t\t\t\t\t\t\t\t\t<img decoding=\"async\" width=\"612\" height=\"408\" src=\"https:\/\/wwfabrics.eu\/wp-content\/uploads\/WW-Fabrics-Foto-Specjalizacje-Artykuly-ochrony-drog-oddechowych.png\" class=\"attachment-full size-full wp-image-2839\" alt=\"\" srcset=\"https:\/\/wwfabrics.eu\/wp-content\/uploads\/WW-Fabrics-Foto-Specjalizacje-Artykuly-ochrony-drog-oddechowych.png 612w, https:\/\/wwfabrics.eu\/wp-content\/uploads\/WW-Fabrics-Foto-Specjalizacje-Artykuly-ochrony-drog-oddechowych-300x200.png 300w\" sizes=\"(max-width: 612px) 100vw, 612px\" \/>\t\t\t\t\t\t\t\t\t\t\t\t\t<\/div>\n\t\t\t\t<\/div>\n\t\t\t\t<div class=\"elementor-element elementor-element-bbbca87 elementor-widget elementor-widget-heading\" data-id=\"bbbca87\" data-element_type=\"widget\" data-widget_type=\"heading.default\">\n\t\t\t\t<div class=\"elementor-widget-container\">\n\t\t\t<h6 class=\"elementor-heading-title elementor-size-default\">Materia\u0142y do produkcji \u015brodk\u00f3w ochrony<br>dr\u00f3g oddechowych<\/h6>\t\t<\/div>\n\t\t\t\t<\/div>\n\t\t\t\t\t<\/div>\n\t\t<\/div>\n\t\t\t\t<div class=\"elementor-column elementor-col-50 elementor-inner-column elementor-element elementor-element-693922e\" data-id=\"693922e\" data-element_type=\"column\" data-settings=\"{&quot;background_background&quot;:&quot;classic&quot;}\">\n\t\t\t<div class=\"elementor-widget-wrap elementor-element-populated\">\n\t\t\t\t\t\t<div class=\"elementor-element elementor-element-189ac74 elementor-widget__width-initial elementor-widget elementor-widget-image\" data-id=\"189ac74\" data-element_type=\"widget\" data-widget_type=\"image.default\">\n\t\t\t\t<div class=\"elementor-widget-container\">\n\t\t\t\t\t\t\t\t\t\t\t\t\t<img decoding=\"async\" src=\"https:\/\/wwfabrics.eu\/wp-content\/uploads\/elementor\/thumbs\/image00034-scaled-qmemi4s4nzok8gyxe77vo1aq9991yhwx5n37vqscak.jpeg\" title=\"image00034\" alt=\"image00034\" loading=\"lazy\" \/>\t\t\t\t\t\t\t\t\t\t\t\t\t<\/div>\n\t\t\t\t<\/div>\n\t\t\t\t<div class=\"elementor-element elementor-element-27e6825 elementor-widget elementor-widget-heading\" data-id=\"27e6825\" data-element_type=\"widget\" data-widget_type=\"heading.default\">\n\t\t\t\t<div class=\"elementor-widget-container\">\n\t\t\t<h6 class=\"elementor-heading-title elementor-size-default\">Wype\u0142nienia olejowe<\/h6>\t\t<\/div>\n\t\t\t\t<\/div>\n\t\t\t\t\t<\/div>\n\t\t<\/div>\n\t\t\t\t\t<\/div>\n\t\t<\/section>\n\t\t\t\t\t<\/div>\n\t\t<\/div>\n\t\t\t\t\t<\/div>\n\t\t<\/section>\n\t\t\t\t<\/div>\n\t\t","protected":false},"excerpt":{"rendered":"<p>Kieszenie pojedyncze G4 Kieszenie filtracyjne pojedyncze G4 to kieszenie filtracyjne wykonane z mat filtruj\u0105cych, zgrzane ultrad\u017awi\u0119kowo i odci\u0119te na odpowiedni wymiar. Linia produkcyjna WWFABRICS dokonuje poprzecznego zgrzewu ultra\u017awi\u0119kowego specjalnie przygotowanej wst\u0119gi dw\u00f3ch warstw maty filtruj\u0105cej. Kieszenie G4 wyst\u0119puj\u0105 w postaci klasycznych kieszeni z dystansami &#8211; d\u0142ugo\u015bci powy\u017cej 400mm lub w postaci worka bez dystans\u00f3w (d\u0142ugo\u015bci &hellip;<\/p>\n<p class=\"read-more\"> <a class=\"\" href=\"https:\/\/wwfabrics.eu\/pl_pl\/kieszenie-filtracyjne-pojedyncze-g4\/\"> <span class=\"screen-reader-text\">Kieszenie filtracyjne pojedyncze G4<\/span> Read More &raquo;<\/a><\/p>\n","protected":false},"author":1,"featured_media":0,"parent":0,"menu_order":0,"comment_status":"closed","ping_status":"closed","template":"","meta":{"site-sidebar-layout":"no-sidebar","site-content-layout":"page-builder","ast-global-header-display":"","ast-main-header-display":"","ast-hfb-above-header-display":"","ast-hfb-below-header-display":"","ast-hfb-mobile-header-display":"","site-post-title":"disabled","ast-breadcrumbs-content":"disabled","ast-featured-img":"disabled","footer-sml-layout":"","theme-transparent-header-meta":"default","adv-header-id-meta":"","stick-header-meta":"","header-above-stick-meta":"","header-main-stick-meta":"","header-below-stick-meta":"","footnotes":""},"class_list":["post-3968","page","type-page","status-publish","hentry"],"ams_acf":[],"_links":{"self":[{"href":"https:\/\/wwfabrics.eu\/pl_pl\/wp-json\/wp\/v2\/pages\/3968","targetHints":{"allow":["GET"]}}],"collection":[{"href":"https:\/\/wwfabrics.eu\/pl_pl\/wp-json\/wp\/v2\/pages"}],"about":[{"href":"https:\/\/wwfabrics.eu\/pl_pl\/wp-json\/wp\/v2\/types\/page"}],"author":[{"embeddable":true,"href":"https:\/\/wwfabrics.eu\/pl_pl\/wp-json\/wp\/v2\/users\/1"}],"replies":[{"embeddable":true,"href":"https:\/\/wwfabrics.eu\/pl_pl\/wp-json\/wp\/v2\/comments?post=3968"}],"version-history":[{"count":2,"href":"https:\/\/wwfabrics.eu\/pl_pl\/wp-json\/wp\/v2\/pages\/3968\/revisions"}],"predecessor-version":[{"id":3994,"href":"https:\/\/wwfabrics.eu\/pl_pl\/wp-json\/wp\/v2\/pages\/3968\/revisions\/3994"}],"wp:attachment":[{"href":"https:\/\/wwfabrics.eu\/pl_pl\/wp-json\/wp\/v2\/media?parent=3968"}],"curies":[{"name":"wp","href":"https:\/\/api.w.org\/{rel}","templated":true}]}}