{"id":3434,"date":"2024-04-06T21:21:34","date_gmt":"2024-04-06T19:21:34","guid":{"rendered":"https:\/\/test.wwfabrics.eu.wwfabrics.eu\/?page_id=3434"},"modified":"2024-09-18T13:23:04","modified_gmt":"2024-09-18T11:23:04","slug":"do-pobrania","status":"publish","type":"page","link":"https:\/\/wwfabrics.eu\/pl_pl\/do-pobrania\/","title":{"rendered":"Do pobrania"},"content":{"rendered":"\t\t<div data-elementor-type=\"wp-page\" data-elementor-id=\"3434\" class=\"elementor elementor-3434\">\n\t\t\t\t\t\t<section class=\"elementor-section elementor-top-section elementor-element elementor-element-195cf7a8 elementor-section-boxed elementor-section-height-default elementor-section-height-default\" data-id=\"195cf7a8\" data-element_type=\"section\" data-settings=\"{&quot;background_background&quot;:&quot;classic&quot;,&quot;jet_parallax_layout_list&quot;:[]}\">\n\t\t\t\t\t\t<div class=\"elementor-container elementor-column-gap-no\">\n\t\t\t\t\t<div class=\"elementor-column elementor-col-100 elementor-top-column elementor-element elementor-element-23832aca\" data-id=\"23832aca\" data-element_type=\"column\">\n\t\t\t<div class=\"elementor-widget-wrap elementor-element-populated\">\n\t\t\t\t\t\t<div class=\"elementor-element elementor-element-4cfb8317 elementor-widget__width-initial elementor-widget elementor-widget-text-editor\" data-id=\"4cfb8317\" data-element_type=\"widget\" data-widget_type=\"text-editor.default\">\n\t\t\t\t<div class=\"elementor-widget-container\">\n\t\t\t<style>\/*! elementor - v3.21.0 - 25-04-2024 *\/\n.elementor-widget-text-editor.elementor-drop-cap-view-stacked .elementor-drop-cap{background-color:#69727d;color:#fff}.elementor-widget-text-editor.elementor-drop-cap-view-framed .elementor-drop-cap{color:#69727d;border:3px solid;background-color:transparent}.elementor-widget-text-editor:not(.elementor-drop-cap-view-default) .elementor-drop-cap{margin-top:8px}.elementor-widget-text-editor:not(.elementor-drop-cap-view-default) .elementor-drop-cap-letter{width:1em;height:1em}.elementor-widget-text-editor .elementor-drop-cap{float:left;text-align:center;line-height:1;font-size:50px}.elementor-widget-text-editor .elementor-drop-cap-letter{display:inline-block}<\/style>\t\t\t\t<h3><span style=\"color: #000000;\"><span style=\"text-decoration: underline;\">Katalog <span style=\"color: #000000; text-decoration: underline;\">produkt\u00f3w<\/span><\/span><span style=\"text-decoration: underline;\"><span style=\"color: #000000; text-decoration: underline;\"> 2024\u00a0\u00a0 <a style=\"color: #000000; text-decoration: underline;\" href=\"https:\/\/test.wwfabrics.eu.wwfabrics.eu\/wp-content\/uploads\/WW_Fabrics_Katalog_PL.pdf\" target=\"_blank\" rel=\"noopener\">PL<\/a>\u00a0\u00a0 <a href=\"https:\/\/test.wwfabrics.eu.wwfabrics.eu\/wp-content\/uploads\/WW_Fabrics_Katalog_ENG.pdf\" target=\"_blank\" rel=\"noopener\"><span style=\"color: #000000; text-decoration: underline;\">ENG<\/span><\/a><\/span><br \/><\/span><\/span><\/h3><h4><span style=\"text-decoration: underline;\"><span style=\"color: #000000; text-decoration: underline;\"><a style=\"color: #000000; text-decoration: underline;\" href=\"https:\/\/wwfabrics.eu\/wp-content\/uploads\/Karta_sample.pdf\" target=\"_blank\" rel=\"noopener\">Przyk\u0142adowa Karta produktu &#8211; membrana filtracja cieczy<\/a><\/span><\/span><\/h4><h4><span style=\"color: #000000;\"><a style=\"color: #000000;\" href=\"https:\/\/test.wwfabrics.eu.wwfabrics.eu\/wp-content\/uploads\/Karta_WW02012B.pdf\" target=\"_blank\" rel=\"noopener\"><span style=\"text-decoration: underline;\">Przyk\u0142adowa Karta produktu &#8211; w\u0142\u00f3knina do filtracji o wysokiej skuteczno\u015bci<\/span><\/a><\/span><\/h4><p><span style=\"color: #000000;\"><a style=\"color: #000000;\" href=\"https:\/\/test.wwfabrics.eu.wwfabrics.eu\/wp-content\/uploads\/Moplen_CE_Skan_20230530.pdf\" target=\"_blank\" rel=\"noopener\"><span style=\"text-decoration: underline;\">Moplen HP648T Inspection certificate according EN 10204<\/span><\/a><\/span><\/p><p><span style=\"color: #000000;\"><a style=\"color: #000000;\" href=\"https:\/\/test.wwfabrics.eu.wwfabrics.eu\/wp-content\/uploads\/Technical-Data-Sheet_hp648T.pdf\" target=\"_blank\" rel=\"noopener\"><span style=\"text-decoration: underline;\">Technical Data Sheet_hp648T<\/span><\/a><\/span><\/p>\t\t\t\t\t\t<\/div>\n\t\t\t\t<\/div>\n\t\t\t\t\t<\/div>\n\t\t<\/div>\n\t\t\t\t\t<\/div>\n\t\t<\/section>\n\t\t\t\t<section class=\"elementor-section elementor-top-section elementor-element elementor-element-9f269e8 elementor-section-boxed elementor-section-height-default elementor-section-height-default\" data-id=\"9f269e8\" data-element_type=\"section\" data-settings=\"{&quot;jet_parallax_layout_list&quot;:[]}\">\n\t\t\t\t\t\t<div class=\"elementor-container elementor-column-gap-default\">\n\t\t\t\t\t<div class=\"elementor-column elementor-col-100 elementor-top-column elementor-element elementor-element-6d385c4\" data-id=\"6d385c4\" data-element_type=\"column\">\n\t\t\t<div class=\"elementor-widget-wrap elementor-element-populated\">\n\t\t\t\t\t\t<div class=\"elementor-element elementor-element-401f014 elementor-widget-divider--view-line elementor-widget elementor-widget-divider\" data-id=\"401f014\" data-element_type=\"widget\" data-widget_type=\"divider.default\">\n\t\t\t\t<div class=\"elementor-widget-container\">\n\t\t\t<style>\/*! elementor - v3.21.0 - 25-04-2024 *\/\n.elementor-widget-divider{--divider-border-style:none;--divider-border-width:1px;--divider-color:#0c0d0e;--divider-icon-size:20px;--divider-element-spacing:10px;--divider-pattern-height:24px;--divider-pattern-size:20px;--divider-pattern-url:none;--divider-pattern-repeat:repeat-x}.elementor-widget-divider .elementor-divider{display:flex}.elementor-widget-divider .elementor-divider__text{font-size:15px;line-height:1;max-width:95%}.elementor-widget-divider .elementor-divider__element{margin:0 var(--divider-element-spacing);flex-shrink:0}.elementor-widget-divider .elementor-icon{font-size:var(--divider-icon-size)}.elementor-widget-divider .elementor-divider-separator{display:flex;margin:0;direction:ltr}.elementor-widget-divider--view-line_icon .elementor-divider-separator,.elementor-widget-divider--view-line_text .elementor-divider-separator{align-items:center}.elementor-widget-divider--view-line_icon .elementor-divider-separator:after,.elementor-widget-divider--view-line_icon .elementor-divider-separator:before,.elementor-widget-divider--view-line_text .elementor-divider-separator:after,.elementor-widget-divider--view-line_text .elementor-divider-separator:before{display:block;content:\"\";border-block-end:0;flex-grow:1;border-block-start:var(--divider-border-width) var(--divider-border-style) var(--divider-color)}.elementor-widget-divider--element-align-left .elementor-divider .elementor-divider-separator>.elementor-divider__svg:first-of-type{flex-grow:0;flex-shrink:100}.elementor-widget-divider--element-align-left .elementor-divider-separator:before{content:none}.elementor-widget-divider--element-align-left .elementor-divider__element{margin-left:0}.elementor-widget-divider--element-align-right .elementor-divider .elementor-divider-separator>.elementor-divider__svg:last-of-type{flex-grow:0;flex-shrink:100}.elementor-widget-divider--element-align-right .elementor-divider-separator:after{content:none}.elementor-widget-divider--element-align-right .elementor-divider__element{margin-right:0}.elementor-widget-divider--element-align-start .elementor-divider .elementor-divider-separator>.elementor-divider__svg:first-of-type{flex-grow:0;flex-shrink:100}.elementor-widget-divider--element-align-start .elementor-divider-separator:before{content:none}.elementor-widget-divider--element-align-start .elementor-divider__element{margin-inline-start:0}.elementor-widget-divider--element-align-end .elementor-divider .elementor-divider-separator>.elementor-divider__svg:last-of-type{flex-grow:0;flex-shrink:100}.elementor-widget-divider--element-align-end .elementor-divider-separator:after{content:none}.elementor-widget-divider--element-align-end .elementor-divider__element{margin-inline-end:0}.elementor-widget-divider:not(.elementor-widget-divider--view-line_text):not(.elementor-widget-divider--view-line_icon) .elementor-divider-separator{border-block-start:var(--divider-border-width) var(--divider-border-style) var(--divider-color)}.elementor-widget-divider--separator-type-pattern{--divider-border-style:none}.elementor-widget-divider--separator-type-pattern.elementor-widget-divider--view-line .elementor-divider-separator,.elementor-widget-divider--separator-type-pattern:not(.elementor-widget-divider--view-line) .elementor-divider-separator:after,.elementor-widget-divider--separator-type-pattern:not(.elementor-widget-divider--view-line) .elementor-divider-separator:before,.elementor-widget-divider--separator-type-pattern:not([class*=elementor-widget-divider--view]) .elementor-divider-separator{width:100%;min-height:var(--divider-pattern-height);-webkit-mask-size:var(--divider-pattern-size) 100%;mask-size:var(--divider-pattern-size) 100%;-webkit-mask-repeat:var(--divider-pattern-repeat);mask-repeat:var(--divider-pattern-repeat);background-color:var(--divider-color);-webkit-mask-image:var(--divider-pattern-url);mask-image:var(--divider-pattern-url)}.elementor-widget-divider--no-spacing{--divider-pattern-size:auto}.elementor-widget-divider--bg-round{--divider-pattern-repeat:round}.rtl .elementor-widget-divider .elementor-divider__text{direction:rtl}.e-con-inner>.elementor-widget-divider,.e-con>.elementor-widget-divider{width:var(--container-widget-width,100%);--flex-grow:var(--container-widget-flex-grow)}<\/style>\t\t<div class=\"elementor-divider\">\n\t\t\t<span class=\"elementor-divider-separator\">\n\t\t\t\t\t\t<\/span>\n\t\t<\/div>\n\t\t\t\t<\/div>\n\t\t\t\t<\/div>\n\t\t\t\t\t<\/div>\n\t\t<\/div>\n\t\t\t\t\t<\/div>\n\t\t<\/section>\n\t\t\t\t<\/div>\n\t\t","protected":false},"excerpt":{"rendered":"<p>Katalog produkt\u00f3w 2024\u00a0\u00a0 PL\u00a0\u00a0 ENG Przyk\u0142adowa Karta produktu &#8211; membrana filtracja cieczy Przyk\u0142adowa Karta produktu &#8211; w\u0142\u00f3knina do filtracji o wysokiej skuteczno\u015bci Moplen HP648T Inspection certificate according EN 10204 Technical Data Sheet_hp648T<\/p>\n","protected":false},"author":1,"featured_media":0,"parent":0,"menu_order":0,"comment_status":"closed","ping_status":"closed","template":"","meta":{"site-sidebar-layout":"no-sidebar","site-content-layout":"page-builder","ast-global-header-display":"","ast-main-header-display":"","ast-hfb-above-header-display":"","ast-hfb-below-header-display":"","ast-hfb-mobile-header-display":"","site-post-title":"disabled","ast-breadcrumbs-content":"disabled","ast-featured-img":"disabled","footer-sml-layout":"","theme-transparent-header-meta":"default","adv-header-id-meta":"","stick-header-meta":"","header-above-stick-meta":"","header-main-stick-meta":"","header-below-stick-meta":"","footnotes":""},"class_list":["post-3434","page","type-page","status-publish","hentry"],"ams_acf":[],"_links":{"self":[{"href":"https:\/\/wwfabrics.eu\/pl_pl\/wp-json\/wp\/v2\/pages\/3434","targetHints":{"allow":["GET"]}}],"collection":[{"href":"https:\/\/wwfabrics.eu\/pl_pl\/wp-json\/wp\/v2\/pages"}],"about":[{"href":"https:\/\/wwfabrics.eu\/pl_pl\/wp-json\/wp\/v2\/types\/page"}],"author":[{"embeddable":true,"href":"https:\/\/wwfabrics.eu\/pl_pl\/wp-json\/wp\/v2\/users\/1"}],"replies":[{"embeddable":true,"href":"https:\/\/wwfabrics.eu\/pl_pl\/wp-json\/wp\/v2\/comments?post=3434"}],"version-history":[{"count":2,"href":"https:\/\/wwfabrics.eu\/pl_pl\/wp-json\/wp\/v2\/pages\/3434\/revisions"}],"predecessor-version":[{"id":4007,"href":"https:\/\/wwfabrics.eu\/pl_pl\/wp-json\/wp\/v2\/pages\/3434\/revisions\/4007"}],"wp:attachment":[{"href":"https:\/\/wwfabrics.eu\/pl_pl\/wp-json\/wp\/v2\/media?parent=3434"}],"curies":[{"name":"wp","href":"https:\/\/api.w.org\/{rel}","templated":true}]}}