{"id":3390,"date":"2024-04-06T17:55:42","date_gmt":"2024-04-06T15:55:42","guid":{"rendered":"https:\/\/test.wwfabrics.eu.wwfabrics.eu\/?page_id=3390"},"modified":"2024-04-09T08:03:31","modified_gmt":"2024-04-09T06:03:31","slug":"kieszenie-filtracyjne-pojedyncze-2","status":"publish","type":"page","link":"https:\/\/wwfabrics.eu\/pl_pl\/kieszenie-filtracyjne-pojedyncze-2\/","title":{"rendered":"Wype\u0142nienia olejowe"},"content":{"rendered":"\t\t<div data-elementor-type=\"wp-page\" data-elementor-id=\"3390\" class=\"elementor elementor-3390\">\n\t\t\t\t\t\t<section class=\"elementor-section elementor-top-section elementor-element elementor-element-898ce78 elementor-section-boxed elementor-section-height-default elementor-section-height-default\" data-id=\"898ce78\" data-element_type=\"section\" data-settings=\"{&quot;jet_parallax_layout_list&quot;:[]}\">\n\t\t\t\t\t\t<div class=\"elementor-container elementor-column-gap-default\">\n\t\t\t\t\t<div class=\"elementor-column elementor-col-50 elementor-top-column elementor-element elementor-element-3cae318\" data-id=\"3cae318\" data-element_type=\"column\">\n\t\t\t<div class=\"elementor-widget-wrap elementor-element-populated\">\n\t\t\t\t\t\t<div class=\"elementor-element elementor-element-871b7f5 elementor-widget elementor-widget-heading\" data-id=\"871b7f5\" data-element_type=\"widget\" data-widget_type=\"heading.default\">\n\t\t\t\t<div class=\"elementor-widget-container\">\n\t\t\t<style>\/*! elementor - v3.21.0 - 25-04-2024 *\/\n.elementor-heading-title{padding:0;margin:0;line-height:1}.elementor-widget-heading .elementor-heading-title[class*=elementor-size-]>a{color:inherit;font-size:inherit;line-height:inherit}.elementor-widget-heading .elementor-heading-title.elementor-size-small{font-size:15px}.elementor-widget-heading .elementor-heading-title.elementor-size-medium{font-size:19px}.elementor-widget-heading .elementor-heading-title.elementor-size-large{font-size:29px}.elementor-widget-heading .elementor-heading-title.elementor-size-xl{font-size:39px}.elementor-widget-heading .elementor-heading-title.elementor-size-xxl{font-size:59px}<\/style><h3 class=\"elementor-heading-title elementor-size-default\">Wype\u0142nienia olejowe<\/h3>\t\t<\/div>\n\t\t\t\t<\/div>\n\t\t\t\t<div class=\"elementor-element elementor-element-8a2fc2c elementor-widget-divider--view-line elementor-widget elementor-widget-divider\" data-id=\"8a2fc2c\" data-element_type=\"widget\" data-widget_type=\"divider.default\">\n\t\t\t\t<div class=\"elementor-widget-container\">\n\t\t\t<style>\/*! elementor - v3.21.0 - 25-04-2024 *\/\n.elementor-widget-divider{--divider-border-style:none;--divider-border-width:1px;--divider-color:#0c0d0e;--divider-icon-size:20px;--divider-element-spacing:10px;--divider-pattern-height:24px;--divider-pattern-size:20px;--divider-pattern-url:none;--divider-pattern-repeat:repeat-x}.elementor-widget-divider .elementor-divider{display:flex}.elementor-widget-divider .elementor-divider__text{font-size:15px;line-height:1;max-width:95%}.elementor-widget-divider .elementor-divider__element{margin:0 var(--divider-element-spacing);flex-shrink:0}.elementor-widget-divider .elementor-icon{font-size:var(--divider-icon-size)}.elementor-widget-divider .elementor-divider-separator{display:flex;margin:0;direction:ltr}.elementor-widget-divider--view-line_icon .elementor-divider-separator,.elementor-widget-divider--view-line_text .elementor-divider-separator{align-items:center}.elementor-widget-divider--view-line_icon .elementor-divider-separator:after,.elementor-widget-divider--view-line_icon .elementor-divider-separator:before,.elementor-widget-divider--view-line_text .elementor-divider-separator:after,.elementor-widget-divider--view-line_text .elementor-divider-separator:before{display:block;content:\"\";border-block-end:0;flex-grow:1;border-block-start:var(--divider-border-width) var(--divider-border-style) var(--divider-color)}.elementor-widget-divider--element-align-left .elementor-divider .elementor-divider-separator>.elementor-divider__svg:first-of-type{flex-grow:0;flex-shrink:100}.elementor-widget-divider--element-align-left .elementor-divider-separator:before{content:none}.elementor-widget-divider--element-align-left .elementor-divider__element{margin-left:0}.elementor-widget-divider--element-align-right .elementor-divider .elementor-divider-separator>.elementor-divider__svg:last-of-type{flex-grow:0;flex-shrink:100}.elementor-widget-divider--element-align-right .elementor-divider-separator:after{content:none}.elementor-widget-divider--element-align-right .elementor-divider__element{margin-right:0}.elementor-widget-divider--element-align-start .elementor-divider .elementor-divider-separator>.elementor-divider__svg:first-of-type{flex-grow:0;flex-shrink:100}.elementor-widget-divider--element-align-start .elementor-divider-separator:before{content:none}.elementor-widget-divider--element-align-start .elementor-divider__element{margin-inline-start:0}.elementor-widget-divider--element-align-end .elementor-divider .elementor-divider-separator>.elementor-divider__svg:last-of-type{flex-grow:0;flex-shrink:100}.elementor-widget-divider--element-align-end .elementor-divider-separator:after{content:none}.elementor-widget-divider--element-align-end .elementor-divider__element{margin-inline-end:0}.elementor-widget-divider:not(.elementor-widget-divider--view-line_text):not(.elementor-widget-divider--view-line_icon) .elementor-divider-separator{border-block-start:var(--divider-border-width) var(--divider-border-style) var(--divider-color)}.elementor-widget-divider--separator-type-pattern{--divider-border-style:none}.elementor-widget-divider--separator-type-pattern.elementor-widget-divider--view-line .elementor-divider-separator,.elementor-widget-divider--separator-type-pattern:not(.elementor-widget-divider--view-line) .elementor-divider-separator:after,.elementor-widget-divider--separator-type-pattern:not(.elementor-widget-divider--view-line) .elementor-divider-separator:before,.elementor-widget-divider--separator-type-pattern:not([class*=elementor-widget-divider--view]) .elementor-divider-separator{width:100%;min-height:var(--divider-pattern-height);-webkit-mask-size:var(--divider-pattern-size) 100%;mask-size:var(--divider-pattern-size) 100%;-webkit-mask-repeat:var(--divider-pattern-repeat);mask-repeat:var(--divider-pattern-repeat);background-color:var(--divider-color);-webkit-mask-image:var(--divider-pattern-url);mask-image:var(--divider-pattern-url)}.elementor-widget-divider--no-spacing{--divider-pattern-size:auto}.elementor-widget-divider--bg-round{--divider-pattern-repeat:round}.rtl .elementor-widget-divider .elementor-divider__text{direction:rtl}.e-con-inner>.elementor-widget-divider,.e-con>.elementor-widget-divider{width:var(--container-widget-width,100%);--flex-grow:var(--container-widget-flex-grow)}<\/style>\t\t<div class=\"elementor-divider\">\n\t\t\t<span class=\"elementor-divider-separator\">\n\t\t\t\t\t\t<\/span>\n\t\t<\/div>\n\t\t\t\t<\/div>\n\t\t\t\t<\/div>\n\t\t\t\t<div class=\"elementor-element elementor-element-9da78de elementor-widget elementor-widget-text-editor\" data-id=\"9da78de\" data-element_type=\"widget\" data-widget_type=\"text-editor.default\">\n\t\t\t\t<div class=\"elementor-widget-container\">\n\t\t\t<style>\/*! elementor - v3.21.0 - 25-04-2024 *\/\n.elementor-widget-text-editor.elementor-drop-cap-view-stacked .elementor-drop-cap{background-color:#69727d;color:#fff}.elementor-widget-text-editor.elementor-drop-cap-view-framed .elementor-drop-cap{color:#69727d;border:3px solid;background-color:transparent}.elementor-widget-text-editor:not(.elementor-drop-cap-view-default) .elementor-drop-cap{margin-top:8px}.elementor-widget-text-editor:not(.elementor-drop-cap-view-default) .elementor-drop-cap-letter{width:1em;height:1em}.elementor-widget-text-editor .elementor-drop-cap{float:left;text-align:center;line-height:1;font-size:50px}.elementor-widget-text-editor .elementor-drop-cap-letter{display:inline-block}<\/style>\t\t\t\t<p><span style=\"font-family: Arial, serif;\"><u>Wype\u0142nienie <\/u><\/span><span style=\"font-family: Arial, serif;\"><u><b>WW10OWAM<\/b><\/u><\/span><\/p><p><span style=\"color: #222222;\"><span style=\"font-family: Arial, serif;\">Olejowe wype\u0142nienie absorpcyjne s\u0142u\u017cy do wype\u0142nienia zap\u00f3r olejowych, poduszek i mat poch\u0142aniaj\u0105cych w celu poch\u0142aniania produkt\u00f3w olejowych.<\/span><\/span><\/p><p><span style=\"color: #222222;\"><span style=\"font-family: Arial, serif;\">Olejowe wype\u0142nienie absorpcyjne zosta\u0142o wykonane poprzez zmielenie w specjalnym m\u0142ynie cz\u0119\u015bci w\u0142\u00f3knin meltblown.<\/span><\/span><\/p><p><span style=\"color: #222222;\"><span style=\"font-family: Arial, serif;\">Poszczeg\u00f3lne elementy maj\u0105 szeroko\u015b\u0107 3-5mm, a d\u0142ugo\u015b\u0107 od kilku do kilkunastu centymetr\u00f3w po roz\u0142o\u017ceniu.<\/span><\/span><\/p><p><span style=\"color: #222222;\"><span style=\"font-family: Arial, serif;\">WW10OWAM charakteryzuje si\u0119 r\u00f3\u017cnymi w\u0142a\u015bciwo\u015bciami, w zale\u017cno\u015bci od rodzaju w\u0142\u00f3kniny meltblown, z kt\u00f3rej jest produkowane. Te r\u00f3\u017cnice mieszcz\u0105 si\u0119 w granicach 20% je\u015bli chodzi o poch\u0142anianie olej\u00f3w.<\/span><\/span><\/p><p><span style=\"color: #222222;\"><span style=\"font-family: Arial, serif;\">Dla w\u0142\u00f3knin o ma\u0142ej gramaturze, a jednocze\u015bnie stosunkowo du\u017cej g\u0119sto\u015bci poch\u0142anialno\u015b\u0107 jest nieco mniejsza i okre\u015blamy j\u0105 wsp\u00f3\u0142czynnikiem 6,5-7,5.<\/span><\/span><\/p><p><span style=\"color: #222222;\"><span style=\"font-family: Arial, serif;\">Dla w\u0142\u00f3knin o wi\u0119kszej gramaturze i mniejszej g\u0119sto\u015bci u\u017cywanych do filtracji cieczy, wsp\u00f3\u0142czynnik poch\u0142anialno\u015bci wynosi 8,5-10.<\/span><\/span><\/p><p><span style=\"color: #222222;\"><span style=\"font-family: Arial, serif;\">Przyj\u0119to \u015bredni\u0105 warto\u015b\u0107 wsp\u00f3\u0142czynnika poch\u0142aniania jako <\/span><\/span><span style=\"color: #222222;\"><span style=\"font-family: Arial, serif;\"><span style=\"font-size: large;\"><b>8,5 +\/- 2<\/b><\/span><\/span><\/span><span style=\"color: #222222;\"><span style=\"font-family: Arial, serif;\">.<\/span><\/span><\/p>\t\t\t\t\t\t<\/div>\n\t\t\t\t<\/div>\n\t\t\t\t<div class=\"elementor-element elementor-element-88514a0 elementor-widget elementor-widget-text-editor\" data-id=\"88514a0\" data-element_type=\"widget\" data-widget_type=\"text-editor.default\">\n\t\t\t\t<div class=\"elementor-widget-container\">\n\t\t\t\t\t\t\t<div class=\"group w-full text-gray-800 dark:text-gray-100 border-b border-black\/10 dark:border-gray-900\/50 dark:bg-gray-800\"><div class=\"text-base gap-4 md:gap-6 md:max-w-2xl lg:max-w-2xl xl:max-w-3xl p-4 md:py-6 flex lg:px-0 m-auto\"><div class=\"relative flex w-[calc(100%-50px)] flex-col gap-1 md:gap-3 lg:w-[calc(100%-115px)]\"><div class=\"flex flex-grow flex-col gap-3\"><p><span style=\"font-family: Arial, serif;\"><u>Wype\u0142nienie <\/u><\/span><span style=\"font-family: Arial, serif;\"><u><b>WW24OWAM<\/b><\/u><\/span><\/p><p><span style=\"color: #222222;\"><span style=\"font-family: Arial, serif;\">Olejowe wype\u0142nienie absorpcyjne s\u0142u\u017cy do wype\u0142nienia zap\u00f3r olejowych, poduszek i mat poch\u0142aniaj\u0105cych w celu poch\u0142aniania produkt\u00f3w olejowych.<\/span><\/span><\/p><p><span style=\"color: #222222;\"><span style=\"font-family: Arial, serif;\">Olejowe wype\u0142nienie absorpcyjne zosta\u0142o wykonane jako dedykowana w\u0142\u00f3knina meltblown nawijana na rolk\u0119.<\/span><\/span><\/p><p><span style=\"color: #222222;\"><span style=\"font-family: Arial, serif;\">W zwi\u0105zku z faktem, \u017ce Producent ca\u0142kowicie panuje nad procesem wytw\u00f3rczym, mo\u017ce osi\u0105gn\u0105\u0107 dok\u0142adnie okre\u015blone parametry takiej w\u0142\u00f3kniny.<\/span><\/span><\/p><p><span style=\"color: #222222;\"><span style=\"font-family: Arial, serif;\">Mo\u017cna sterowa\u0107 wsp\u00f3\u0142czynnikiem poch\u0142aniania, gramatur\u0105 w\u0142\u00f3kniny oraz jej w\u0142a\u015bciwo\u015bciami mechanicznymi.<\/span><\/span><\/p><p><span style=\"color: #222222;\"><span style=\"font-family: Arial, serif;\">W zwi\u0105zku z tym OWA charakteryzuje si\u0119 jednorodnymi w\u0142a\u015bciwo\u015bciami, w zale\u017cno\u015bci od rodzaju w\u0142\u00f3kniny, z kt\u00f3rej jest produkowane. <\/span><\/span><\/p><p><span style=\"color: #222222;\"><span style=\"font-family: Arial, serif;\">W zale\u017cno\u015bci od rodzaju i gramatury w\u0142\u00f3kniny osi\u0105gni\u0119to wsp\u00f3\u0142czynnik poch\u0142anialno\u015bci o warto\u015bci <\/span><\/span><span style=\"color: #222222;\"><span style=\"font-family: Arial, serif;\"><span style=\"font-size: x-large;\"><b>22-24 +\/-2<\/b><\/span><\/span><\/span><span style=\"color: #222222;\"><span style=\"font-family: Arial, serif;\">.<\/span><\/span><\/p><\/div><\/div><\/div><\/div>\t\t\t\t\t\t<\/div>\n\t\t\t\t<\/div>\n\t\t\t\t<div class=\"elementor-element elementor-element-cceb0fe elementor-widget elementor-widget-heading\" data-id=\"cceb0fe\" data-element_type=\"widget\" data-widget_type=\"heading.default\">\n\t\t\t\t<div class=\"elementor-widget-container\">\n\t\t\t<h3 class=\"elementor-heading-title elementor-size-default\">Rynek<\/h3>\t\t<\/div>\n\t\t\t\t<\/div>\n\t\t\t\t<div class=\"elementor-element elementor-element-f26446e elementor-widget-divider--view-line elementor-widget elementor-widget-divider\" data-id=\"f26446e\" data-element_type=\"widget\" data-widget_type=\"divider.default\">\n\t\t\t\t<div class=\"elementor-widget-container\">\n\t\t\t\t\t<div class=\"elementor-divider\">\n\t\t\t<span class=\"elementor-divider-separator\">\n\t\t\t\t\t\t<\/span>\n\t\t<\/div>\n\t\t\t\t<\/div>\n\t\t\t\t<\/div>\n\t\t\t\t<div class=\"elementor-element elementor-element-287b6e6 elementor-widget elementor-widget-text-editor\" data-id=\"287b6e6\" data-element_type=\"widget\" data-widget_type=\"text-editor.default\">\n\t\t\t\t<div class=\"elementor-widget-container\">\n\t\t\t\t\t\t\t<div class=\"group w-full text-gray-800 dark:text-gray-100 border-b border-black\/10 dark:border-gray-900\/50 dark:bg-gray-800\">\n<div class=\"text-base gap-4 md:gap-6 md:max-w-2xl lg:max-w-2xl xl:max-w-3xl p-4 md:py-6 flex lg:px-0 m-auto\">\n<div class=\"relative flex w-[calc(100%-50px)] flex-col gap-1 md:gap-3 lg:w-[calc(100%-115px)]\">Wype\u0142nienia olejowe uzupe\u0142niaj\u0105 rynek absorbent\u00f3w chemicznych. Poniewa\u017c nie stanowi\u0105 zagro\u017cenia dla \u015brodowiska naturalnego mog\u0105 by\u0107 u\u017cywane w r\u00f3\u017cnych miejscach i sytuacjach. Bardzo dobrze sprawdzaj\u0105 si\u0119 jako zapory olejowe w stoczniach remontowych, czy podczas konieczno\u015bci usuwania wyciek\u00f3w oleju. <\/div>\n<\/div>\n<\/div>\t\t\t\t\t\t<\/div>\n\t\t\t\t<\/div>\n\t\t\t\t<div class=\"elementor-element elementor-element-2386a39 elementor-widget elementor-widget-heading\" data-id=\"2386a39\" data-element_type=\"widget\" data-widget_type=\"heading.default\">\n\t\t\t\t<div class=\"elementor-widget-container\">\n\t\t\t<h3 class=\"elementor-heading-title elementor-size-default\">Nasze \"kluski\"<\/h3>\t\t<\/div>\n\t\t\t\t<\/div>\n\t\t\t\t<div class=\"elementor-element elementor-element-5f70c1d elementor-widget-divider--view-line elementor-widget elementor-widget-divider\" data-id=\"5f70c1d\" data-element_type=\"widget\" data-widget_type=\"divider.default\">\n\t\t\t\t<div class=\"elementor-widget-container\">\n\t\t\t\t\t<div class=\"elementor-divider\">\n\t\t\t<span class=\"elementor-divider-separator\">\n\t\t\t\t\t\t<\/span>\n\t\t<\/div>\n\t\t\t\t<\/div>\n\t\t\t\t<\/div>\n\t\t\t\t<div class=\"elementor-element elementor-element-2c95321 elementor-widget elementor-widget-text-editor\" data-id=\"2c95321\" data-element_type=\"widget\" data-widget_type=\"text-editor.default\">\n\t\t\t\t<div class=\"elementor-widget-container\">\n\t\t\t\t\t\t\t<div class=\"group w-full text-gray-800 dark:text-gray-100 border-b border-black\/10 dark:border-gray-900\/50 dark:bg-gray-800\">\n<div class=\"text-base gap-4 md:gap-6 md:max-w-2xl lg:max-w-2xl xl:max-w-3xl p-4 md:py-6 flex lg:px-0 m-auto\">\n<div class=\"relative flex w-[calc(100%-50px)] flex-col gap-1 md:gap-3 lg:w-[calc(100%-115px)]\">\n<div class=\"flex flex-grow flex-col gap-3\">WWFABRICS produkuje wype\u0142nienia olejowe, kt\u00f3re zaspokajaj\u0105 potrzeby wielu klient\u00f3w. Zapewniamy konkurencyjne ceny i szybk\u0105 dostaw\u0119.<\/div>\n<\/div>\n<\/div>\n<\/div>\t\t\t\t\t\t<\/div>\n\t\t\t\t<\/div>\n\t\t\t\t\t<\/div>\n\t\t<\/div>\n\t\t\t\t<div class=\"elementor-column elementor-col-50 elementor-top-column elementor-element elementor-element-fb5d355 elementor-hidden-tablet elementor-hidden-mobile\" data-id=\"fb5d355\" data-element_type=\"column\">\n\t\t\t<div class=\"elementor-widget-wrap elementor-element-populated\">\n\t\t\t\t\t\t<div class=\"elementor-element elementor-element-12a6675 elementor-widget__width-initial elementor-widget elementor-widget-image\" data-id=\"12a6675\" data-element_type=\"widget\" data-settings=\"{&quot;sticky&quot;:&quot;top&quot;,&quot;sticky_offset&quot;:80,&quot;sticky_parent&quot;:&quot;yes&quot;,&quot;sticky_on&quot;:[&quot;desktop&quot;,&quot;tablet&quot;,&quot;mobile&quot;],&quot;sticky_effects_offset&quot;:0}\" data-widget_type=\"image.default\">\n\t\t\t\t<div class=\"elementor-widget-container\">\n\t\t\t<style>\/*! elementor - v3.21.0 - 25-04-2024 *\/\n.elementor-widget-image{text-align:center}.elementor-widget-image a{display:inline-block}.elementor-widget-image a img[src$=\".svg\"]{width:48px}.elementor-widget-image img{vertical-align:middle;display:inline-block}<\/style>\t\t\t\t\t\t\t\t\t\t<img fetchpriority=\"high\" decoding=\"async\" width=\"1000\" height=\"667\" src=\"https:\/\/wwfabrics.eu\/wp-content\/uploads\/OWA_v5.jpeg\" class=\"attachment-large size-large wp-image-3420\" alt=\"\" srcset=\"https:\/\/wwfabrics.eu\/wp-content\/uploads\/OWA_v5.jpeg 1000w, https:\/\/wwfabrics.eu\/wp-content\/uploads\/OWA_v5-300x200.jpeg 300w, https:\/\/wwfabrics.eu\/wp-content\/uploads\/OWA_v5-768x512.jpeg 768w\" sizes=\"(max-width: 1000px) 100vw, 1000px\" \/>\t\t\t\t\t\t\t\t\t\t\t\t\t<\/div>\n\t\t\t\t<\/div>\n\t\t\t\t\t<\/div>\n\t\t<\/div>\n\t\t\t\t\t<\/div>\n\t\t<\/section>\n\t\t\t\t<section class=\"elementor-section elementor-top-section elementor-element elementor-element-65c58d4c elementor-section-boxed elementor-section-height-default elementor-section-height-default\" data-id=\"65c58d4c\" data-element_type=\"section\" data-settings=\"{&quot;background_background&quot;:&quot;classic&quot;,&quot;jet_parallax_layout_list&quot;:[]}\">\n\t\t\t\t\t\t<div class=\"elementor-container elementor-column-gap-no\">\n\t\t\t\t\t<div class=\"elementor-column elementor-col-100 elementor-top-column elementor-element elementor-element-24a39c38\" data-id=\"24a39c38\" data-element_type=\"column\">\n\t\t\t<div class=\"elementor-widget-wrap elementor-element-populated\">\n\t\t\t\t\t\t<div class=\"elementor-element elementor-element-3cc2cc17 elementor-widget elementor-widget-heading\" data-id=\"3cc2cc17\" data-element_type=\"widget\" data-widget_type=\"heading.default\">\n\t\t\t\t<div class=\"elementor-widget-container\">\n\t\t\t<h2 class=\"elementor-heading-title elementor-size-default\">Pozosta\u0142a specjalizacja<\/h2>\t\t<\/div>\n\t\t\t\t<\/div>\n\t\t\t\t<section class=\"elementor-section elementor-inner-section elementor-element elementor-element-444b4d72 elementor-section-boxed elementor-section-height-default elementor-section-height-default\" data-id=\"444b4d72\" data-element_type=\"section\" data-settings=\"{&quot;jet_parallax_layout_list&quot;:[]}\">\n\t\t\t\t\t\t<div class=\"elementor-container elementor-column-gap-no\">\n\t\t\t\t\t<div class=\"elementor-column elementor-col-50 elementor-inner-column elementor-element elementor-element-2af1976\" data-id=\"2af1976\" data-element_type=\"column\" data-settings=\"{&quot;background_background&quot;:&quot;classic&quot;}\">\n\t\t\t<div class=\"elementor-widget-wrap elementor-element-populated\">\n\t\t\t\t\t\t<div class=\"elementor-element elementor-element-03bf552 elementor-widget elementor-widget-image\" data-id=\"03bf552\" data-element_type=\"widget\" data-widget_type=\"image.default\">\n\t\t\t\t<div class=\"elementor-widget-container\">\n\t\t\t\t\t\t\t\t\t\t\t\t\t<img decoding=\"async\" width=\"612\" height=\"408\" src=\"https:\/\/wwfabrics.eu\/wp-content\/uploads\/WW-Fabrics-Foto-Specjalizacje-Artykuly-ochrony-drog-oddechowych.png\" class=\"attachment-full size-full wp-image-2839\" alt=\"\" srcset=\"https:\/\/wwfabrics.eu\/wp-content\/uploads\/WW-Fabrics-Foto-Specjalizacje-Artykuly-ochrony-drog-oddechowych.png 612w, https:\/\/wwfabrics.eu\/wp-content\/uploads\/WW-Fabrics-Foto-Specjalizacje-Artykuly-ochrony-drog-oddechowych-300x200.png 300w\" sizes=\"(max-width: 612px) 100vw, 612px\" \/>\t\t\t\t\t\t\t\t\t\t\t\t\t<\/div>\n\t\t\t\t<\/div>\n\t\t\t\t<div class=\"elementor-element elementor-element-0ac3354 elementor-widget elementor-widget-heading\" data-id=\"0ac3354\" data-element_type=\"widget\" data-widget_type=\"heading.default\">\n\t\t\t\t<div class=\"elementor-widget-container\">\n\t\t\t<h6 class=\"elementor-heading-title elementor-size-default\">Materia\u0142y do produkcji \u015brodk\u00f3w ochrony<br>dr\u00f3g oddechowych<\/h6>\t\t<\/div>\n\t\t\t\t<\/div>\n\t\t\t\t\t<\/div>\n\t\t<\/div>\n\t\t\t\t<div class=\"elementor-column elementor-col-50 elementor-inner-column elementor-element elementor-element-66aa7945\" data-id=\"66aa7945\" data-element_type=\"column\" data-settings=\"{&quot;background_background&quot;:&quot;classic&quot;}\">\n\t\t\t<div class=\"elementor-widget-wrap elementor-element-populated\">\n\t\t\t\t\t\t<div class=\"elementor-element elementor-element-26947965 elementor-widget elementor-widget-image\" data-id=\"26947965\" data-element_type=\"widget\" data-widget_type=\"image.default\">\n\t\t\t\t<div class=\"elementor-widget-container\">\n\t\t\t\t\t\t\t\t\t\t\t\t\t<img decoding=\"async\" src=\"https:\/\/wwfabrics.eu\/wp-content\/uploads\/elementor\/thumbs\/image00084-qmekpoyex0ox24aaqajffwirg1ewmggltotyxt2q2c.png\" title=\"image00084\" alt=\"image00084\" loading=\"lazy\" \/>\t\t\t\t\t\t\t\t\t\t\t\t\t<\/div>\n\t\t\t\t<\/div>\n\t\t\t\t<div class=\"elementor-element elementor-element-66c0a0bb elementor-widget elementor-widget-heading\" data-id=\"66c0a0bb\" data-element_type=\"widget\" data-widget_type=\"heading.default\">\n\t\t\t\t<div class=\"elementor-widget-container\">\n\t\t\t<h6 class=\"elementor-heading-title elementor-size-default\">W\u0142\u00f3kniny <br>Filtracyjne<\/h6>\t\t<\/div>\n\t\t\t\t<\/div>\n\t\t\t\t\t<\/div>\n\t\t<\/div>\n\t\t\t\t\t<\/div>\n\t\t<\/section>\n\t\t\t\t\t<\/div>\n\t\t<\/div>\n\t\t\t\t\t<\/div>\n\t\t<\/section>\n\t\t\t\t<\/div>\n\t\t","protected":false},"excerpt":{"rendered":"<p>Wype\u0142nienia olejowe Wype\u0142nienie WW10OWAM Olejowe wype\u0142nienie absorpcyjne s\u0142u\u017cy do wype\u0142nienia zap\u00f3r olejowych, poduszek i mat poch\u0142aniaj\u0105cych w celu poch\u0142aniania produkt\u00f3w olejowych. Olejowe wype\u0142nienie absorpcyjne zosta\u0142o wykonane poprzez zmielenie w specjalnym m\u0142ynie cz\u0119\u015bci w\u0142\u00f3knin meltblown. Poszczeg\u00f3lne elementy maj\u0105 szeroko\u015b\u0107 3-5mm, a d\u0142ugo\u015b\u0107 od kilku do kilkunastu centymetr\u00f3w po roz\u0142o\u017ceniu. WW10OWAM charakteryzuje si\u0119 r\u00f3\u017cnymi w\u0142a\u015bciwo\u015bciami, w zale\u017cno\u015bci &hellip;<\/p>\n<p class=\"read-more\"> <a class=\"\" href=\"https:\/\/wwfabrics.eu\/pl_pl\/kieszenie-filtracyjne-pojedyncze-2\/\"> <span class=\"screen-reader-text\">Wype\u0142nienia olejowe<\/span> Read More &raquo;<\/a><\/p>\n","protected":false},"author":1,"featured_media":0,"parent":0,"menu_order":0,"comment_status":"closed","ping_status":"closed","template":"","meta":{"site-sidebar-layout":"no-sidebar","site-content-layout":"page-builder","ast-global-header-display":"","ast-main-header-display":"","ast-hfb-above-header-display":"","ast-hfb-below-header-display":"","ast-hfb-mobile-header-display":"","site-post-title":"disabled","ast-breadcrumbs-content":"disabled","ast-featured-img":"disabled","footer-sml-layout":"","theme-transparent-header-meta":"default","adv-header-id-meta":"","stick-header-meta":"","header-above-stick-meta":"","header-main-stick-meta":"","header-below-stick-meta":"","footnotes":""},"class_list":["post-3390","page","type-page","status-publish","hentry"],"ams_acf":[],"_links":{"self":[{"href":"https:\/\/wwfabrics.eu\/pl_pl\/wp-json\/wp\/v2\/pages\/3390","targetHints":{"allow":["GET"]}}],"collection":[{"href":"https:\/\/wwfabrics.eu\/pl_pl\/wp-json\/wp\/v2\/pages"}],"about":[{"href":"https:\/\/wwfabrics.eu\/pl_pl\/wp-json\/wp\/v2\/types\/page"}],"author":[{"embeddable":true,"href":"https:\/\/wwfabrics.eu\/pl_pl\/wp-json\/wp\/v2\/users\/1"}],"replies":[{"embeddable":true,"href":"https:\/\/wwfabrics.eu\/pl_pl\/wp-json\/wp\/v2\/comments?post=3390"}],"version-history":[{"count":2,"href":"https:\/\/wwfabrics.eu\/pl_pl\/wp-json\/wp\/v2\/pages\/3390\/revisions"}],"predecessor-version":[{"id":3780,"href":"https:\/\/wwfabrics.eu\/pl_pl\/wp-json\/wp\/v2\/pages\/3390\/revisions\/3780"}],"wp:attachment":[{"href":"https:\/\/wwfabrics.eu\/pl_pl\/wp-json\/wp\/v2\/media?parent=3390"}],"curies":[{"name":"wp","href":"https:\/\/api.w.org\/{rel}","templated":true}]}}