{"id":3283,"date":"2024-04-06T13:06:19","date_gmt":"2024-04-06T11:06:19","guid":{"rendered":"https:\/\/test.wwfabrics.eu.wwfabrics.eu\/?page_id=3283"},"modified":"2024-04-09T08:01:11","modified_gmt":"2024-04-09T06:01:11","slug":"kompozyt-polipropylenowy","status":"publish","type":"page","link":"https:\/\/wwfabrics.eu\/pl_pl\/kompozyt-polipropylenowy\/","title":{"rendered":"Kieszenie filtracyjne w rolkach &#8211; r\u0119kaw"},"content":{"rendered":"\t\t<div data-elementor-type=\"wp-page\" data-elementor-id=\"3283\" class=\"elementor elementor-3283\">\n\t\t\t\t\t\t<section class=\"elementor-section elementor-top-section elementor-element elementor-element-898ce78 elementor-section-boxed elementor-section-height-default elementor-section-height-default\" data-id=\"898ce78\" data-element_type=\"section\" data-settings=\"{&quot;jet_parallax_layout_list&quot;:[]}\">\n\t\t\t\t\t\t<div class=\"elementor-container elementor-column-gap-default\">\n\t\t\t\t\t<div class=\"elementor-column elementor-col-50 elementor-top-column elementor-element elementor-element-3cae318\" data-id=\"3cae318\" data-element_type=\"column\">\n\t\t\t<div class=\"elementor-widget-wrap elementor-element-populated\">\n\t\t\t\t\t\t<div class=\"elementor-element elementor-element-871b7f5 elementor-widget elementor-widget-heading\" data-id=\"871b7f5\" data-element_type=\"widget\" data-widget_type=\"heading.default\">\n\t\t\t\t<div class=\"elementor-widget-container\">\n\t\t\t<style>\/*! elementor - v3.21.0 - 25-04-2024 *\/\n.elementor-heading-title{padding:0;margin:0;line-height:1}.elementor-widget-heading .elementor-heading-title[class*=elementor-size-]>a{color:inherit;font-size:inherit;line-height:inherit}.elementor-widget-heading .elementor-heading-title.elementor-size-small{font-size:15px}.elementor-widget-heading .elementor-heading-title.elementor-size-medium{font-size:19px}.elementor-widget-heading .elementor-heading-title.elementor-size-large{font-size:29px}.elementor-widget-heading .elementor-heading-title.elementor-size-xl{font-size:39px}.elementor-widget-heading .elementor-heading-title.elementor-size-xxl{font-size:59px}<\/style><h3 class=\"elementor-heading-title elementor-size-default\">Kieszenie w rolkach<\/h3>\t\t<\/div>\n\t\t\t\t<\/div>\n\t\t\t\t<div class=\"elementor-element elementor-element-8a2fc2c elementor-widget-divider--view-line elementor-widget elementor-widget-divider\" data-id=\"8a2fc2c\" data-element_type=\"widget\" data-widget_type=\"divider.default\">\n\t\t\t\t<div class=\"elementor-widget-container\">\n\t\t\t<style>\/*! elementor - v3.21.0 - 25-04-2024 *\/\n.elementor-widget-divider{--divider-border-style:none;--divider-border-width:1px;--divider-color:#0c0d0e;--divider-icon-size:20px;--divider-element-spacing:10px;--divider-pattern-height:24px;--divider-pattern-size:20px;--divider-pattern-url:none;--divider-pattern-repeat:repeat-x}.elementor-widget-divider .elementor-divider{display:flex}.elementor-widget-divider .elementor-divider__text{font-size:15px;line-height:1;max-width:95%}.elementor-widget-divider .elementor-divider__element{margin:0 var(--divider-element-spacing);flex-shrink:0}.elementor-widget-divider .elementor-icon{font-size:var(--divider-icon-size)}.elementor-widget-divider .elementor-divider-separator{display:flex;margin:0;direction:ltr}.elementor-widget-divider--view-line_icon .elementor-divider-separator,.elementor-widget-divider--view-line_text .elementor-divider-separator{align-items:center}.elementor-widget-divider--view-line_icon .elementor-divider-separator:after,.elementor-widget-divider--view-line_icon .elementor-divider-separator:before,.elementor-widget-divider--view-line_text .elementor-divider-separator:after,.elementor-widget-divider--view-line_text .elementor-divider-separator:before{display:block;content:\"\";border-block-end:0;flex-grow:1;border-block-start:var(--divider-border-width) var(--divider-border-style) var(--divider-color)}.elementor-widget-divider--element-align-left .elementor-divider .elementor-divider-separator>.elementor-divider__svg:first-of-type{flex-grow:0;flex-shrink:100}.elementor-widget-divider--element-align-left .elementor-divider-separator:before{content:none}.elementor-widget-divider--element-align-left .elementor-divider__element{margin-left:0}.elementor-widget-divider--element-align-right .elementor-divider .elementor-divider-separator>.elementor-divider__svg:last-of-type{flex-grow:0;flex-shrink:100}.elementor-widget-divider--element-align-right .elementor-divider-separator:after{content:none}.elementor-widget-divider--element-align-right .elementor-divider__element{margin-right:0}.elementor-widget-divider--element-align-start .elementor-divider .elementor-divider-separator>.elementor-divider__svg:first-of-type{flex-grow:0;flex-shrink:100}.elementor-widget-divider--element-align-start .elementor-divider-separator:before{content:none}.elementor-widget-divider--element-align-start .elementor-divider__element{margin-inline-start:0}.elementor-widget-divider--element-align-end .elementor-divider .elementor-divider-separator>.elementor-divider__svg:last-of-type{flex-grow:0;flex-shrink:100}.elementor-widget-divider--element-align-end .elementor-divider-separator:after{content:none}.elementor-widget-divider--element-align-end .elementor-divider__element{margin-inline-end:0}.elementor-widget-divider:not(.elementor-widget-divider--view-line_text):not(.elementor-widget-divider--view-line_icon) .elementor-divider-separator{border-block-start:var(--divider-border-width) var(--divider-border-style) var(--divider-color)}.elementor-widget-divider--separator-type-pattern{--divider-border-style:none}.elementor-widget-divider--separator-type-pattern.elementor-widget-divider--view-line .elementor-divider-separator,.elementor-widget-divider--separator-type-pattern:not(.elementor-widget-divider--view-line) .elementor-divider-separator:after,.elementor-widget-divider--separator-type-pattern:not(.elementor-widget-divider--view-line) .elementor-divider-separator:before,.elementor-widget-divider--separator-type-pattern:not([class*=elementor-widget-divider--view]) .elementor-divider-separator{width:100%;min-height:var(--divider-pattern-height);-webkit-mask-size:var(--divider-pattern-size) 100%;mask-size:var(--divider-pattern-size) 100%;-webkit-mask-repeat:var(--divider-pattern-repeat);mask-repeat:var(--divider-pattern-repeat);background-color:var(--divider-color);-webkit-mask-image:var(--divider-pattern-url);mask-image:var(--divider-pattern-url)}.elementor-widget-divider--no-spacing{--divider-pattern-size:auto}.elementor-widget-divider--bg-round{--divider-pattern-repeat:round}.rtl .elementor-widget-divider .elementor-divider__text{direction:rtl}.e-con-inner>.elementor-widget-divider,.e-con>.elementor-widget-divider{width:var(--container-widget-width,100%);--flex-grow:var(--container-widget-flex-grow)}<\/style>\t\t<div class=\"elementor-divider\">\n\t\t\t<span class=\"elementor-divider-separator\">\n\t\t\t\t\t\t<\/span>\n\t\t<\/div>\n\t\t\t\t<\/div>\n\t\t\t\t<\/div>\n\t\t\t\t<div class=\"elementor-element elementor-element-9da78de elementor-widget elementor-widget-text-editor\" data-id=\"9da78de\" data-element_type=\"widget\" data-widget_type=\"text-editor.default\">\n\t\t\t\t<div class=\"elementor-widget-container\">\n\t\t\t<style>\/*! elementor - v3.21.0 - 25-04-2024 *\/\n.elementor-widget-text-editor.elementor-drop-cap-view-stacked .elementor-drop-cap{background-color:#69727d;color:#fff}.elementor-widget-text-editor.elementor-drop-cap-view-framed .elementor-drop-cap{color:#69727d;border:3px solid;background-color:transparent}.elementor-widget-text-editor:not(.elementor-drop-cap-view-default) .elementor-drop-cap{margin-top:8px}.elementor-widget-text-editor:not(.elementor-drop-cap-view-default) .elementor-drop-cap-letter{width:1em;height:1em}.elementor-widget-text-editor .elementor-drop-cap{float:left;text-align:center;line-height:1;font-size:50px}.elementor-widget-text-editor .elementor-drop-cap-letter{display:inline-block}<\/style>\t\t\t\t<p><span style=\"color: #000000;\"><span style=\"font-family: Arial, serif;\"><b>Kieszenie filtracyjne<\/b> to z\u0142o\u017cona z dw\u00f3ch warstw kompozytu zamkni\u0119ta przestrze\u0144. Po\u0142\u0105czenie obu warstw kompozytu uzyskuje si\u0119 r\u00f3\u017cnymi metodami. <\/span><\/span><\/p><p><span style=\"color: #000000;\"><span style=\"font-family: Arial, serif;\">Linie produkcyjne WWFABRICS pozwalaj\u0105 na u\u017cycie jako dystansu w\u0142\u00f3kniny polipropylenowej wykonywanej w technologii spunbond. Linia produkcyjna dokonuje ci\u0105g\u0142ego zgrzewu ultra\u017awi\u0119kowego specjalnie przygotowanej wst\u0119gi dystansu z obiema warstwami kompozytu tworz\u0105cymi kiesze\u0144. D<\/span><\/span><span style=\"color: #000000;\"><span style=\"font-family: Arial, serif;\">odatkowo w tym samym czasie urz\u0105dzenia wykonuj\u0105 zgrzewy boczne na wymiar \u017c\u0105dany przez Zamawiaj\u0105cego.<br \/><\/span><\/span><\/p>\t\t\t\t\t\t<\/div>\n\t\t\t\t<\/div>\n\t\t\t\t<div class=\"elementor-element elementor-element-21bd9c4 elementor-widget elementor-widget-heading\" data-id=\"21bd9c4\" data-element_type=\"widget\" data-widget_type=\"heading.default\">\n\t\t\t\t<div class=\"elementor-widget-container\">\n\t\t\t<h3 class=\"elementor-heading-title elementor-size-default\">Kieszenie - r\u0119kaw<\/h3>\t\t<\/div>\n\t\t\t\t<\/div>\n\t\t\t\t<div class=\"elementor-element elementor-element-f6a6f6a elementor-widget-divider--view-line elementor-widget elementor-widget-divider\" data-id=\"f6a6f6a\" data-element_type=\"widget\" data-widget_type=\"divider.default\">\n\t\t\t\t<div class=\"elementor-widget-container\">\n\t\t\t\t\t<div class=\"elementor-divider\">\n\t\t\t<span class=\"elementor-divider-separator\">\n\t\t\t\t\t\t<\/span>\n\t\t<\/div>\n\t\t\t\t<\/div>\n\t\t\t\t<\/div>\n\t\t\t\t<div class=\"elementor-element elementor-element-a1c27cd elementor-widget elementor-widget-text-editor\" data-id=\"a1c27cd\" data-element_type=\"widget\" data-widget_type=\"text-editor.default\">\n\t\t\t\t<div class=\"elementor-widget-container\">\n\t\t\t\t\t\t\t<p>Kompozyt po\u0142\u0105czony mocnymi zgrzewami ultrad\u017awi\u0119kowymi tworzy jednolit\u0105 wst\u0119g\u0119 zamkni\u0119tej przestrzeni. Dzi\u0119ki temu mo\u017ce by\u0107 nawijany na rolki i w spos\u00f3b prosty wykorzystywany przez producent\u00f3w filtr\u00f3w. Producent filtr\u00f3w odcina kawa\u0142ek rolki na \u017c\u0105dan\u0105 d\u0142ugo\u015b\u0107 i nast\u0119pnie dokonuje jej zamkni\u0119cia we w\u0142asnym zakresie (zgrzewem ultrad\u017awi\u0119kowym czy tradycyjnym szwem).<\/p><p>W ten spos\u00f3b producent mo\u017ce bardzo elastycznie reagowa\u0107 na \u017cyczenia swoich klient\u00f3w, szczeg\u00f3lnie przy mniejszych zam\u00f3wieniach.<\/p>\t\t\t\t\t\t<\/div>\n\t\t\t\t<\/div>\n\t\t\t\t<div class=\"elementor-element elementor-element-696b812 elementor-widget elementor-widget-heading\" data-id=\"696b812\" data-element_type=\"widget\" data-widget_type=\"heading.default\">\n\t\t\t\t<div class=\"elementor-widget-container\">\n\t\t\t<h3 class=\"elementor-heading-title elementor-size-default\">Kieszenie filtracyjne w rolkach<\/h3>\t\t<\/div>\n\t\t\t\t<\/div>\n\t\t\t\t<div class=\"elementor-element elementor-element-ed3e0fd elementor-widget-divider--view-line elementor-widget elementor-widget-divider\" data-id=\"ed3e0fd\" data-element_type=\"widget\" data-widget_type=\"divider.default\">\n\t\t\t\t<div class=\"elementor-widget-container\">\n\t\t\t\t\t<div class=\"elementor-divider\">\n\t\t\t<span class=\"elementor-divider-separator\">\n\t\t\t\t\t\t<\/span>\n\t\t<\/div>\n\t\t\t\t<\/div>\n\t\t\t\t<\/div>\n\t\t\t\t<div class=\"elementor-element elementor-element-e0202f7 elementor-widget elementor-widget-text-editor\" data-id=\"e0202f7\" data-element_type=\"widget\" data-widget_type=\"text-editor.default\">\n\t\t\t\t<div class=\"elementor-widget-container\">\n\t\t\t\t\t\t\t<div>Kieszenie filtracyjne do filtr\u00f3w klimatyzacyjnych w rolkach &#8211; r\u0119kaw &#8211; daj\u0105 \u0142atwo\u015b\u0107 realizacji zlece\u0144 przez producent\u00f3w filtr\u00f3w. Uniezale\u017cniaj\u0105 ich od konieczno\u015bci bardzo dok\u0142adnego ustalania wymiar\u00f3w kieszeni z zamawiaj\u0105cym, a dodatkowo nie stwarzaj\u0105 trudno\u015bci logistycznych przy transporcie i sk\u0142adowaniu.<\/div>\t\t\t\t\t\t<\/div>\n\t\t\t\t<\/div>\n\t\t\t\t<div class=\"elementor-element elementor-element-725f310 elementor-widget elementor-widget-heading\" data-id=\"725f310\" data-element_type=\"widget\" data-widget_type=\"heading.default\">\n\t\t\t\t<div class=\"elementor-widget-container\">\n\t\t\t<h3 class=\"elementor-heading-title elementor-size-default\">Rynek<\/h3>\t\t<\/div>\n\t\t\t\t<\/div>\n\t\t\t\t<div class=\"elementor-element elementor-element-f26446e elementor-widget-divider--view-line elementor-widget elementor-widget-divider\" data-id=\"f26446e\" data-element_type=\"widget\" data-widget_type=\"divider.default\">\n\t\t\t\t<div class=\"elementor-widget-container\">\n\t\t\t\t\t<div class=\"elementor-divider\">\n\t\t\t<span class=\"elementor-divider-separator\">\n\t\t\t\t\t\t<\/span>\n\t\t<\/div>\n\t\t\t\t<\/div>\n\t\t\t\t<\/div>\n\t\t\t\t<div class=\"elementor-element elementor-element-287b6e6 elementor-widget elementor-widget-text-editor\" data-id=\"287b6e6\" data-element_type=\"widget\" data-widget_type=\"text-editor.default\">\n\t\t\t\t<div class=\"elementor-widget-container\">\n\t\t\t\t\t\t\t<div class=\"group w-full text-gray-800 dark:text-gray-100 border-b border-black\/10 dark:border-gray-900\/50 dark:bg-gray-800\"><div class=\"text-base gap-4 md:gap-6 md:max-w-2xl lg:max-w-2xl xl:max-w-3xl p-4 md:py-6 flex lg:px-0 m-auto\"><div class=\"relative flex w-[calc(100%-50px)] flex-col gap-1 md:gap-3 lg:w-[calc(100%-115px)]\"><div class=\"flex flex-grow flex-col gap-3\"><div class=\"min-h-[20px] flex flex-col items-start gap-4 whitespace-pre-wrap\"><p>Kieszenie filtracyjne w rolkach stanowi\u0105 doskona\u0142\u0105 alternatyw\u0119 wobec podobnych rozwi\u0105za\u0144 renomowanych producent\u00f3w.<\/p><p>Kieszenie w rolkach &#8211; r\u0119kawy WWFABRICS oferuje z przeci\u0119ciami dystans\u00f3w na d\u0142ugo\u015bci o r\u00f3\u017cnych wymiarach, np. przeci\u0119cie 10cm z przerw\u0105 5 cm.<br \/>W ten spos\u00f3b zostaje wymuszony jednorodny rozk\u0142ad ci\u015bnienia w ca\u0142ej przestrzeni kieszeni.<\/p><p>Tego rodzaju rozwi\u0105zanie, stosowane przez WWFABRICS potwierdzi\u0142o swoj\u0105 przydatno\u015b\u0107 u wielu kiient\u00f3w.<\/p><\/div><\/div><\/div><\/div><\/div>\t\t\t\t\t\t<\/div>\n\t\t\t\t<\/div>\n\t\t\t\t<div class=\"elementor-element elementor-element-2386a39 elementor-widget elementor-widget-heading\" data-id=\"2386a39\" data-element_type=\"widget\" data-widget_type=\"heading.default\">\n\t\t\t\t<div class=\"elementor-widget-container\">\n\t\t\t<h3 class=\"elementor-heading-title elementor-size-default\">Nasze \"r\u0119kawy\"<\/h3>\t\t<\/div>\n\t\t\t\t<\/div>\n\t\t\t\t<div class=\"elementor-element elementor-element-5f70c1d elementor-widget-divider--view-line elementor-widget elementor-widget-divider\" data-id=\"5f70c1d\" data-element_type=\"widget\" data-widget_type=\"divider.default\">\n\t\t\t\t<div class=\"elementor-widget-container\">\n\t\t\t\t\t<div class=\"elementor-divider\">\n\t\t\t<span class=\"elementor-divider-separator\">\n\t\t\t\t\t\t<\/span>\n\t\t<\/div>\n\t\t\t\t<\/div>\n\t\t\t\t<\/div>\n\t\t\t\t<div class=\"elementor-element elementor-element-2c95321 elementor-widget elementor-widget-text-editor\" data-id=\"2c95321\" data-element_type=\"widget\" data-widget_type=\"text-editor.default\">\n\t\t\t\t<div class=\"elementor-widget-container\">\n\t\t\t\t\t\t\t<div class=\"group w-full text-gray-800 dark:text-gray-100 border-b border-black\/10 dark:border-gray-900\/50 dark:bg-gray-800\">\n<div class=\"text-base gap-4 md:gap-6 md:max-w-2xl lg:max-w-2xl xl:max-w-3xl p-4 md:py-6 flex lg:px-0 m-auto\">\n<div class=\"relative flex w-[calc(100%-50px)] flex-col gap-1 md:gap-3 lg:w-[calc(100%-115px)]\">\n<div class=\"flex flex-grow flex-col gap-3\">\n<div class=\"min-h-[20px] flex flex-col items-start gap-4 whitespace-pre-wrap\">Je\u015bli potrzebujesz wysokiej jako\u015bci kieszeni filtracyjnych do filtr\u00f3w klimatyzacyjnech&nbsp; zapraszamy do skorzystania z naszej oferty. Oferujemy szeroki wyb\u00f3r kieszeni w rolkach &#8211; r\u0119kawy &#8211; o szeroko\u015bci od 350mm do&nbsp; 725mm do filtr\u00f3w typu <b>od M5 do F9<\/b>.<\/div>\n<div class=\"min-h-[20px] flex flex-col items-start gap-4 whitespace-pre-wrap\">Nasze produkty s\u0105 wykonane z najwy\u017cszej jako\u015bci materia\u0142\u00f3w, co gwarantuje ich skuteczno\u015b\u0107 i wytrzyma\u0142o\u015b\u0107. Zapewniamy konkurencyjne ceny i szybk\u0105 dostaw\u0119.<\/div>\n<\/div>\n<\/div>\n<\/div>\n<\/div>\t\t\t\t\t\t<\/div>\n\t\t\t\t<\/div>\n\t\t\t\t\t<\/div>\n\t\t<\/div>\n\t\t\t\t<div class=\"elementor-column elementor-col-50 elementor-top-column elementor-element elementor-element-fb5d355 elementor-hidden-tablet elementor-hidden-mobile\" data-id=\"fb5d355\" data-element_type=\"column\">\n\t\t\t<div class=\"elementor-widget-wrap elementor-element-populated\">\n\t\t\t\t\t\t<div class=\"elementor-element elementor-element-12a6675 elementor-widget elementor-widget-image\" data-id=\"12a6675\" data-element_type=\"widget\" data-settings=\"{&quot;sticky&quot;:&quot;top&quot;,&quot;sticky_offset&quot;:80,&quot;sticky_parent&quot;:&quot;yes&quot;,&quot;sticky_on&quot;:[&quot;desktop&quot;,&quot;tablet&quot;,&quot;mobile&quot;],&quot;sticky_effects_offset&quot;:0}\" data-widget_type=\"image.default\">\n\t\t\t\t<div class=\"elementor-widget-container\">\n\t\t\t<style>\/*! elementor - v3.21.0 - 25-04-2024 *\/\n.elementor-widget-image{text-align:center}.elementor-widget-image a{display:inline-block}.elementor-widget-image a img[src$=\".svg\"]{width:48px}.elementor-widget-image img{vertical-align:middle;display:inline-block}<\/style>\t\t\t\t\t\t\t\t\t\t<img fetchpriority=\"high\" decoding=\"async\" width=\"960\" height=\"564\" src=\"https:\/\/wwfabrics.eu\/wp-content\/uploads\/Kieszen_zamknieta_przestrzen.png\" class=\"attachment-large size-large wp-image-3296\" alt=\"\" srcset=\"https:\/\/wwfabrics.eu\/wp-content\/uploads\/Kieszen_zamknieta_przestrzen.png 960w, https:\/\/wwfabrics.eu\/wp-content\/uploads\/Kieszen_zamknieta_przestrzen-300x176.png 300w, https:\/\/wwfabrics.eu\/wp-content\/uploads\/Kieszen_zamknieta_przestrzen-768x451.png 768w\" sizes=\"(max-width: 960px) 100vw, 960px\" \/>\t\t\t\t\t\t\t\t\t\t\t\t\t<\/div>\n\t\t\t\t<\/div>\n\t\t\t\t<div class=\"elementor-element elementor-element-0eaca64 elementor-widget__width-initial elementor-widget elementor-widget-image\" data-id=\"0eaca64\" data-element_type=\"widget\" data-settings=\"{&quot;sticky&quot;:&quot;top&quot;,&quot;sticky_offset&quot;:80,&quot;sticky_parent&quot;:&quot;yes&quot;,&quot;sticky_on&quot;:[&quot;desktop&quot;,&quot;tablet&quot;,&quot;mobile&quot;],&quot;sticky_effects_offset&quot;:0}\" data-widget_type=\"image.default\">\n\t\t\t\t<div class=\"elementor-widget-container\">\n\t\t\t\t\t\t\t\t\t\t\t\t\t<img decoding=\"async\" width=\"181\" height=\"271\" src=\"https:\/\/wwfabrics.eu\/wp-content\/uploads\/Rekaw_zgrzew_dystansu.png\" class=\"attachment-large size-large wp-image-3297\" alt=\"\" \/>\t\t\t\t\t\t\t\t\t\t\t\t\t<\/div>\n\t\t\t\t<\/div>\n\t\t\t\t<div class=\"elementor-element elementor-element-acc84bd elementor-widget elementor-widget-image\" data-id=\"acc84bd\" data-element_type=\"widget\" data-settings=\"{&quot;sticky&quot;:&quot;top&quot;,&quot;sticky_offset&quot;:80,&quot;sticky_parent&quot;:&quot;yes&quot;,&quot;sticky_on&quot;:[&quot;desktop&quot;,&quot;tablet&quot;,&quot;mobile&quot;],&quot;sticky_effects_offset&quot;:0}\" data-widget_type=\"image.default\">\n\t\t\t\t<div class=\"elementor-widget-container\">\n\t\t\t\t\t\t\t\t\t\t\t\t\t<img decoding=\"async\" width=\"462\" height=\"691\" src=\"https:\/\/wwfabrics.eu\/wp-content\/uploads\/Rolka_rekawa-1.png\" class=\"attachment-large size-large wp-image-3318\" alt=\"\" srcset=\"https:\/\/wwfabrics.eu\/wp-content\/uploads\/Rolka_rekawa-1.png 462w, https:\/\/wwfabrics.eu\/wp-content\/uploads\/Rolka_rekawa-1-201x300.png 201w\" sizes=\"(max-width: 462px) 100vw, 462px\" \/>\t\t\t\t\t\t\t\t\t\t\t\t\t<\/div>\n\t\t\t\t<\/div>\n\t\t\t\t\t<\/div>\n\t\t<\/div>\n\t\t\t\t\t<\/div>\n\t\t<\/section>\n\t\t\t\t<section class=\"elementor-section elementor-top-section elementor-element elementor-element-65c58d4c elementor-section-boxed elementor-section-height-default elementor-section-height-default\" data-id=\"65c58d4c\" data-element_type=\"section\" data-settings=\"{&quot;background_background&quot;:&quot;classic&quot;,&quot;jet_parallax_layout_list&quot;:[]}\">\n\t\t\t\t\t\t<div class=\"elementor-container elementor-column-gap-no\">\n\t\t\t\t\t<div class=\"elementor-column elementor-col-100 elementor-top-column elementor-element elementor-element-24a39c38\" data-id=\"24a39c38\" data-element_type=\"column\">\n\t\t\t<div class=\"elementor-widget-wrap elementor-element-populated\">\n\t\t\t\t\t\t<div class=\"elementor-element elementor-element-3cc2cc17 elementor-widget elementor-widget-heading\" data-id=\"3cc2cc17\" data-element_type=\"widget\" data-widget_type=\"heading.default\">\n\t\t\t\t<div class=\"elementor-widget-container\">\n\t\t\t<h2 class=\"elementor-heading-title elementor-size-default\">Pozosta\u0142a specjalizacja<\/h2>\t\t<\/div>\n\t\t\t\t<\/div>\n\t\t\t\t<section class=\"elementor-section elementor-inner-section elementor-element elementor-element-444b4d72 elementor-section-boxed elementor-section-height-default elementor-section-height-default\" data-id=\"444b4d72\" data-element_type=\"section\" data-settings=\"{&quot;jet_parallax_layout_list&quot;:[]}\">\n\t\t\t\t\t\t<div class=\"elementor-container elementor-column-gap-no\">\n\t\t\t\t\t<div class=\"elementor-column elementor-col-50 elementor-inner-column elementor-element elementor-element-d8f9b60\" data-id=\"d8f9b60\" data-element_type=\"column\" data-settings=\"{&quot;background_background&quot;:&quot;classic&quot;}\">\n\t\t\t<div class=\"elementor-widget-wrap elementor-element-populated\">\n\t\t\t\t\t\t<div class=\"elementor-element elementor-element-fd7f65c elementor-widget elementor-widget-image\" data-id=\"fd7f65c\" data-element_type=\"widget\" data-widget_type=\"image.default\">\n\t\t\t\t<div class=\"elementor-widget-container\">\n\t\t\t\t\t\t\t\t\t\t\t\t\t<img loading=\"lazy\" decoding=\"async\" width=\"612\" height=\"408\" src=\"https:\/\/wwfabrics.eu\/wp-content\/uploads\/WW-Fabrics-Foto-Specjalizacje-Artykuly-ochrony-drog-oddechowych.png\" class=\"attachment-full size-full wp-image-2839\" alt=\"\" srcset=\"https:\/\/wwfabrics.eu\/wp-content\/uploads\/WW-Fabrics-Foto-Specjalizacje-Artykuly-ochrony-drog-oddechowych.png 612w, https:\/\/wwfabrics.eu\/wp-content\/uploads\/WW-Fabrics-Foto-Specjalizacje-Artykuly-ochrony-drog-oddechowych-300x200.png 300w\" sizes=\"(max-width: 612px) 100vw, 612px\" \/>\t\t\t\t\t\t\t\t\t\t\t\t\t<\/div>\n\t\t\t\t<\/div>\n\t\t\t\t<div class=\"elementor-element elementor-element-2444ef0 elementor-widget elementor-widget-heading\" data-id=\"2444ef0\" data-element_type=\"widget\" data-widget_type=\"heading.default\">\n\t\t\t\t<div class=\"elementor-widget-container\">\n\t\t\t<h6 class=\"elementor-heading-title elementor-size-default\">Materia\u0142y do produkcji \u015brodk\u00f3w ochrony<br>dr\u00f3g oddechowych<\/h6>\t\t<\/div>\n\t\t\t\t<\/div>\n\t\t\t\t\t<\/div>\n\t\t<\/div>\n\t\t\t\t<div class=\"elementor-column elementor-col-50 elementor-inner-column elementor-element elementor-element-5f90442\" data-id=\"5f90442\" data-element_type=\"column\" data-settings=\"{&quot;background_background&quot;:&quot;classic&quot;}\">\n\t\t\t<div class=\"elementor-widget-wrap elementor-element-populated\">\n\t\t\t\t\t\t<div class=\"elementor-element elementor-element-7962879 elementor-widget__width-initial elementor-widget elementor-widget-image\" data-id=\"7962879\" data-element_type=\"widget\" data-widget_type=\"image.default\">\n\t\t\t\t<div class=\"elementor-widget-container\">\n\t\t\t\t\t\t\t\t\t\t\t\t\t<img decoding=\"async\" src=\"https:\/\/wwfabrics.eu\/wp-content\/uploads\/elementor\/thumbs\/image00034-scaled-qmemi4s4nzok8gyxe77vo1aq9991yhwx5n37vqscak.jpeg\" title=\"image00034\" alt=\"image00034\" loading=\"lazy\" \/>\t\t\t\t\t\t\t\t\t\t\t\t\t<\/div>\n\t\t\t\t<\/div>\n\t\t\t\t<div class=\"elementor-element elementor-element-0f99fba elementor-widget elementor-widget-heading\" data-id=\"0f99fba\" data-element_type=\"widget\" data-widget_type=\"heading.default\">\n\t\t\t\t<div class=\"elementor-widget-container\">\n\t\t\t<h6 class=\"elementor-heading-title elementor-size-default\">Wype\u0142nienia olejowe<\/h6>\t\t<\/div>\n\t\t\t\t<\/div>\n\t\t\t\t\t<\/div>\n\t\t<\/div>\n\t\t\t\t\t<\/div>\n\t\t<\/section>\n\t\t\t\t\t<\/div>\n\t\t<\/div>\n\t\t\t\t\t<\/div>\n\t\t<\/section>\n\t\t\t\t<\/div>\n\t\t","protected":false},"excerpt":{"rendered":"<p>Kieszenie w rolkach Kieszenie filtracyjne to z\u0142o\u017cona z dw\u00f3ch warstw kompozytu zamkni\u0119ta przestrze\u0144. Po\u0142\u0105czenie obu warstw kompozytu uzyskuje si\u0119 r\u00f3\u017cnymi metodami. Linie produkcyjne WWFABRICS pozwalaj\u0105 na u\u017cycie jako dystansu w\u0142\u00f3kniny polipropylenowej wykonywanej w technologii spunbond. Linia produkcyjna dokonuje ci\u0105g\u0142ego zgrzewu ultra\u017awi\u0119kowego specjalnie przygotowanej wst\u0119gi dystansu z obiema warstwami kompozytu tworz\u0105cymi kiesze\u0144. Dodatkowo w tym samym &hellip;<\/p>\n<p class=\"read-more\"> <a class=\"\" href=\"https:\/\/wwfabrics.eu\/pl_pl\/kompozyt-polipropylenowy\/\"> <span class=\"screen-reader-text\">Kieszenie filtracyjne w rolkach &#8211; r\u0119kaw<\/span> Read More &raquo;<\/a><\/p>\n","protected":false},"author":1,"featured_media":0,"parent":0,"menu_order":0,"comment_status":"closed","ping_status":"closed","template":"","meta":{"site-sidebar-layout":"no-sidebar","site-content-layout":"page-builder","ast-global-header-display":"","ast-main-header-display":"","ast-hfb-above-header-display":"","ast-hfb-below-header-display":"","ast-hfb-mobile-header-display":"","site-post-title":"disabled","ast-breadcrumbs-content":"disabled","ast-featured-img":"disabled","footer-sml-layout":"","theme-transparent-header-meta":"default","adv-header-id-meta":"","stick-header-meta":"","header-above-stick-meta":"","header-main-stick-meta":"","header-below-stick-meta":"","footnotes":""},"class_list":["post-3283","page","type-page","status-publish","hentry"],"ams_acf":[],"_links":{"self":[{"href":"https:\/\/wwfabrics.eu\/pl_pl\/wp-json\/wp\/v2\/pages\/3283","targetHints":{"allow":["GET"]}}],"collection":[{"href":"https:\/\/wwfabrics.eu\/pl_pl\/wp-json\/wp\/v2\/pages"}],"about":[{"href":"https:\/\/wwfabrics.eu\/pl_pl\/wp-json\/wp\/v2\/types\/page"}],"author":[{"embeddable":true,"href":"https:\/\/wwfabrics.eu\/pl_pl\/wp-json\/wp\/v2\/users\/1"}],"replies":[{"embeddable":true,"href":"https:\/\/wwfabrics.eu\/pl_pl\/wp-json\/wp\/v2\/comments?post=3283"}],"version-history":[{"count":2,"href":"https:\/\/wwfabrics.eu\/pl_pl\/wp-json\/wp\/v2\/pages\/3283\/revisions"}],"predecessor-version":[{"id":3774,"href":"https:\/\/wwfabrics.eu\/pl_pl\/wp-json\/wp\/v2\/pages\/3283\/revisions\/3774"}],"wp:attachment":[{"href":"https:\/\/wwfabrics.eu\/pl_pl\/wp-json\/wp\/v2\/media?parent=3283"}],"curies":[{"name":"wp","href":"https:\/\/api.w.org\/{rel}","templated":true}]}}